{"id":2352,"date":"2024-09-26T05:49:45","date_gmt":"2024-09-26T05:49:45","guid":{"rendered":"https:\/\/goldstardance.vn\/?page_id=2352"},"modified":"2026-03-09T07:05:32","modified_gmt":"2026-03-09T07:05:32","slug":"video-mv","status":"publish","type":"page","link":"https:\/\/goldstardance.vn\/index.php\/elementor-97\/thuviengoldstardance\/video-clip\/video-mv\/","title":{"rendered":"Video MV"},"content":{"rendered":"\t\t<div data-elementor-type=\"wp-page\" data-elementor-id=\"2352\" class=\"elementor elementor-2352\" data-elementor-post-type=\"page\">\n\t\t\t\t<div class=\"elementor-element elementor-element-e9dea5b e-flex e-con-boxed e-con e-parent\" data-id=\"e9dea5b\" data-element_type=\"container\" data-settings=\"{&quot;background_background&quot;:&quot;classic&quot;}\">\n\t\t\t\t\t<div class=\"e-con-inner\">\n\t\t<div class=\"elementor-element elementor-element-4fdc8dd e-con-full e-flex e-con e-child\" data-id=\"4fdc8dd\" data-element_type=\"container\" data-settings=\"{&quot;background_background&quot;:&quot;classic&quot;}\">\n\t\t\t\t<div class=\"elementor-element elementor-element-e130dfe elementor-widget elementor-widget-heading\" data-id=\"e130dfe\" data-element_type=\"widget\" data-widget_type=\"heading.default\">\n\t\t\t\t<div class=\"elementor-widget-container\">\n\t\t\t\t\t<h2 class=\"elementor-heading-title elementor-size-default\">Danh S\u00e1ch MV do GoldstarDance th\u1ef1c hi\u1ec7n<\/h2>\t\t\t\t<\/div>\n\t\t\t\t<\/div>\n\t\t\t\t<div class=\"elementor-element elementor-element-43d5efd elementor-widget elementor-widget-shortcode\" data-id=\"43d5efd\" data-element_type=\"widget\" data-widget_type=\"shortcode.default\">\n\t\t\t\t<div class=\"elementor-widget-container\">\n\t\t\t\t\t\t\t<div class=\"elementor-shortcode\">\t\t\t<div \n\t\t\tclass=\"yotu-playlist yotuwp yotu-limit-min   yotu-thumb-169  yotu-template-grid\" \n\t\t\tdata-page=\"1\"\n\t\t\tid=\"yotuwp-69f86200994cc\"\n\t\t\tdata-yotu=\"modal\"\n\t\t\tdata-total=\"3\"\n\t\t\tdata-settings=\"eyJ0eXBlIjoicGxheWxpc3QiLCJpZCI6IlBMRGVHTFBNX2txSVA1eldSQ3ZmUnFXMWFZaThUZHR0NEQiLCJwYWdpbmF0aW9uIjoib24iLCJwYWdpdHlwZSI6InBhZ2VyIiwiY29sdW1uIjoiMyIsInBlcl9wYWdlIjoiMTIiLCJ0ZW1wbGF0ZSI6ImdyaWQiLCJ0aXRsZSI6Im9uIiwiZGVzY3JpcHRpb24iOiJvbiIsInRodW1icmF0aW8iOiIxNjkiLCJtZXRhIjoib2ZmIiwibWV0YV9kYXRhIjoib2ZmIiwibWV0YV9wb3NpdGlvbiI6Im9mZiIsImRhdGVfZm9ybWF0Ijoib2ZmIiwibWV0YV9hbGlnbiI6Im9mZiIsInN1YnNjcmliZSI6Im9mZiIsImR1cmF0aW9uIjoib2ZmIiwibWV0YV9pY29uIjoib2ZmIiwibmV4dHRleHQiOiIiLCJwcmV2dGV4dCI6IiIsImxvYWRtb3JldGV4dCI6IiIsInBsYXllciI6eyJtb2RlIjoicG9wdXAiLCJ3aWR0aCI6IjcyMCIsInNjcm9sbGluZyI6IjEwMCIsImF1dG9wbGF5IjowLCJjb250cm9scyI6MSwibW9kZXN0YnJhbmRpbmciOjEsImxvb3AiOjAsImF1dG9uZXh0IjoxLCJzaG93aW5mbyI6MSwicmVsIjoxLCJwbGF5aW5nIjowLCJwbGF5aW5nX2Rlc2NyaXB0aW9uIjowLCJ0aHVtYm5haWxzIjoxLCJjY19sb2FkX3BvbGljeSI6IjEiLCJjY19sYW5nX3ByZWYiOiIxIiwiaGwiOiIiLCJpdl9sb2FkX3BvbGljeSI6IjEifSwibGFzdF90YWIiOiJzZXR0aW5ncyIsInVzZV9hc19tb2RhbCI6Im9mZiIsIm1vZGFsX2lkIjoib2ZmIiwibGFzdF91cGRhdGUiOiIxNzI3NjEzNTA5Iiwic3R5bGluZyI6eyJwYWdlcl9sYXlvdXQiOiJkZWZhdWx0IiwiYnV0dG9uIjoiNCIsImJ1dHRvbl9jb2xvciI6IiIsImJ1dHRvbl9iZ19jb2xvciI6IiIsImJ1dHRvbl9jb2xvcl9ob3ZlciI6IiIsImJ1dHRvbl9iZ19jb2xvcl9ob3ZlciI6IiIsInZpZGVvX3N0eWxlIjoiZ3BsdXMiLCJwbGF5aWNvbl9jb2xvciI6IiIsImhvdmVyX2ljb24iOiIiLCJnYWxsZXJ5X2JnIjoiIn0sImVmZmVjdHMiOnsidmlkZW9fYm94IjoieXRlZi1mbG9hdCIsImZsaXBfZWZmZWN0IjoiIn0sImdhbGxlcnlfaWQiOiI2OWY4NjIwMDk5NGNjIiwibmV4dCI6IkVBQWFIbEJVT2tOQmQybEZSRVV6VW1wYVEwNVZSVFJSYWxsNlRrUnJOVkY2YXciLCJwcmV2IjoiIn0=\"\n\t\t\tdata-player=\"popup\"\n\t\t\tdata-showdesc=\"on\" >\n\t\t\t\t<div>\n\t\t\t\t\t<div class=\"yotu-pagination yotu-pager_layout-default yotu-pagination-top\">\n<a href=\"#\" class=\"yotu-pagination-prev yotu-button-prs yotu-button-prs-4\" data-page=\"prev\">Prev<\/a>\n<span class=\"yotu-pagination-current\">1<\/span> <span>of<\/span> <span class=\"yotu-pagination-total\">3<\/span>\n<a href=\"#\" class=\"yotu-pagination-next yotu-button-prs yotu-button-prs-4\" data-page=\"next\">Next<\/a>\n<\/div>\n<div class=\"yotu-videos yotu-mode-grid yotu-preset yotu-preset-gplus yotu-column-3 yotu-player-mode-popup\">\n\t<ul>\n\t\t\t\t\t<li class=\" yotu-first\">\n\t\t\t\t\t\t\t\t<a href=\"#vaJh4W0sQRM\" class=\"yotu-video ytef-float\" data-videoid=\"vaJh4W0sQRM\" data-title=\"Chrismast Medley | GoldstarKids | Choreography By Ged | GoldstarDance Club 2024\" title=\"Chrismast Medley | GoldstarKids | Choreography By Ged | GoldstarDance Club 2024\">\n\t\t\t\t\t<div class=\"yotu-video-thumb-wrp\">\n\t\t\t\t\t\t<div>\n\t\t\t\t\t\t\t\t\t\t\t\t\t\t<img decoding=\"async\" class=\"yotu-video-thumb\" src=\"https:\/\/i.ytimg.com\/vi\/vaJh4W0sQRM\/sddefault.jpg\" alt=\"Chrismast Medley | GoldstarKids | Choreography By Ged | GoldstarDance Club 2024\">\t\n\t\t\t\t\t\t\t\t\t\t\t\t\t<\/div>\n\t\t\t\t\t<\/div>\n\t\t\t\t\t\t\t\t\t\t\t<h3 class=\"yotu-video-title\">Chrismast Medley | GoldstarKids | Choreography By Ged | GoldstarDance Club 2024<\/h3>\n\t\t\t\t\t\t\t\t\t\t\t\t\t\t\t\t\t\t\t\t\t<div class=\"yotu-video-description\"><\/div>\n\t\t\t\t\t\t\t\t\t<\/a>\n\t\t\t\t\t\t\t<\/li>\n\t\t\t\t\n\t\t\t\t\t\t<li class=\"\">\n\t\t\t\t\t\t\t\t<a href=\"#A8xwQAk4olA\" class=\"yotu-video ytef-float\" data-videoid=\"A8xwQAk4olA\" data-title=\"Tr\u1ed1ng n\u01b0\u1edbc - Visual - Normal | GoldstardanceClub\" title=\"Tr\u1ed1ng n\u01b0\u1edbc - Visual - Normal | GoldstardanceClub\">\n\t\t\t\t\t<div class=\"yotu-video-thumb-wrp\">\n\t\t\t\t\t\t<div>\n\t\t\t\t\t\t\t\t\t\t\t\t\t\t<img decoding=\"async\" class=\"yotu-video-thumb\" src=\"https:\/\/i.ytimg.com\/vi\/A8xwQAk4olA\/sddefault.jpg\" alt=\"Tr\u1ed1ng n\u01b0\u1edbc - Visual - Normal | GoldstardanceClub\">\t\n\t\t\t\t\t\t\t\t\t\t\t\t\t<\/div>\n\t\t\t\t\t<\/div>\n\t\t\t\t\t\t\t\t\t\t\t<h3 class=\"yotu-video-title\">Tr\u1ed1ng n\u01b0\u1edbc - Visual - Normal | GoldstardanceClub<\/h3>\n\t\t\t\t\t\t\t\t\t\t\t\t\t\t\t\t\t\t\t\t\t<div class=\"yotu-video-description\"><\/div>\n\t\t\t\t\t\t\t\t\t<\/a>\n\t\t\t\t\t\t\t<\/li>\n\t\t\t\t\n\t\t\t\t\t\t<li class=\"\">\n\t\t\t\t\t\t\t\t<a href=\"#mf-3aduK2EQ\" class=\"yotu-video ytef-float\" data-videoid=\"mf-3aduK2EQ\" data-title=\"Beauty MB 2024 clip raw - ch\u01b0a ffix nhac - ch\u01b0a beauty box- goldstardance\" title=\"Beauty MB 2024 clip raw - ch\u01b0a ffix nhac - ch\u01b0a beauty box- goldstardance\">\n\t\t\t\t\t<div class=\"yotu-video-thumb-wrp\">\n\t\t\t\t\t\t<div>\n\t\t\t\t\t\t\t\t\t\t\t\t\t\t<img decoding=\"async\" class=\"yotu-video-thumb\" src=\"https:\/\/i.ytimg.com\/vi\/mf-3aduK2EQ\/sddefault.jpg\" alt=\"Beauty MB 2024 clip raw - ch\u01b0a ffix nhac - ch\u01b0a beauty box- goldstardance\">\t\n\t\t\t\t\t\t\t\t\t\t\t\t\t<\/div>\n\t\t\t\t\t<\/div>\n\t\t\t\t\t\t\t\t\t\t\t<h3 class=\"yotu-video-title\">Beauty MB 2024 clip raw - ch\u01b0a ffix nhac - ch\u01b0a beauty box- goldstardance<\/h3>\n\t\t\t\t\t\t\t\t\t\t\t\t\t\t\t\t\t\t\t\t\t<div class=\"yotu-video-description\"><\/div>\n\t\t\t\t\t\t\t\t\t<\/a>\n\t\t\t\t\t\t\t<\/li>\n\t\t\t\t\n\t\t\t\t\t\t<li class=\"\">\n\t\t\t\t\t\t\t\t<a href=\"#e15qVQaOf40\" class=\"yotu-video ytef-float\" data-videoid=\"e15qVQaOf40\" data-title=\"Ti\u1ec3u h\u1ecdc Tr\u1ea7n Quang C\u01a1 Q10 - C\u00f9ng HTV h\u00e0nh \u0111\u1ed9ng xanh m\u00f9a 3 | GoldstardanceClub\" title=\"Ti\u1ec3u h\u1ecdc Tr\u1ea7n Quang C\u01a1 Q10 - C\u00f9ng HTV h\u00e0nh \u0111\u1ed9ng xanh m\u00f9a 3 | GoldstardanceClub\">\n\t\t\t\t\t<div class=\"yotu-video-thumb-wrp\">\n\t\t\t\t\t\t<div>\n\t\t\t\t\t\t\t\t\t\t\t\t\t\t<img decoding=\"async\" class=\"yotu-video-thumb\" src=\"https:\/\/i.ytimg.com\/vi\/e15qVQaOf40\/sddefault.jpg\" alt=\"Ti\u1ec3u h\u1ecdc Tr\u1ea7n Quang C\u01a1 Q10 - C\u00f9ng HTV h\u00e0nh \u0111\u1ed9ng xanh m\u00f9a 3 | GoldstardanceClub\">\t\n\t\t\t\t\t\t\t\t\t\t\t\t\t<\/div>\n\t\t\t\t\t<\/div>\n\t\t\t\t\t\t\t\t\t\t\t<h3 class=\"yotu-video-title\">Ti\u1ec3u h\u1ecdc Tr\u1ea7n Quang C\u01a1 Q10 - C\u00f9ng HTV h\u00e0nh \u0111\u1ed9ng xanh m\u00f9a 3 | GoldstardanceClub<\/h3>\n\t\t\t\t\t\t\t\t\t\t\t\t\t\t\t\t\t\t\t\t\t<div class=\"yotu-video-description\"><\/div>\n\t\t\t\t\t\t\t\t\t<\/a>\n\t\t\t\t\t\t\t<\/li>\n\t\t\t\t\n\t\t\t\t\t\t<li class=\"\">\n\t\t\t\t\t\t\t\t<a href=\"#LV3MBk7Pcfw\" class=\"yotu-video ytef-float\" data-videoid=\"LV3MBk7Pcfw\" data-title=\"Du l\u1ecbch Lagi 2023 | Team Building | GoldstarDance Club 8-2023\" title=\"Du l\u1ecbch Lagi 2023 | Team Building | GoldstarDance Club 8-2023\">\n\t\t\t\t\t<div class=\"yotu-video-thumb-wrp\">\n\t\t\t\t\t\t<div>\n\t\t\t\t\t\t\t\t\t\t\t\t\t\t<img decoding=\"async\" class=\"yotu-video-thumb\" src=\"https:\/\/i.ytimg.com\/vi\/LV3MBk7Pcfw\/sddefault.jpg\" alt=\"Du l\u1ecbch Lagi 2023 | Team Building | GoldstarDance Club 8-2023\">\t\n\t\t\t\t\t\t\t\t\t\t\t\t\t<\/div>\n\t\t\t\t\t<\/div>\n\t\t\t\t\t\t\t\t\t\t\t<h3 class=\"yotu-video-title\">Du l\u1ecbch Lagi 2023 | Team Building | GoldstarDance Club 8-2023<\/h3>\n\t\t\t\t\t\t\t\t\t\t\t\t\t\t\t\t\t\t\t\t\t<div class=\"yotu-video-description\"><\/div>\n\t\t\t\t\t\t\t\t\t<\/a>\n\t\t\t\t\t\t\t<\/li>\n\t\t\t\t\n\t\t\t\t\t\t<li class=\"\">\n\t\t\t\t\t\t\t\t<a href=\"#RztRInNNzMo\" class=\"yotu-video ytef-float\" data-videoid=\"RztRInNNzMo\" data-title=\"Khmer Culture - 4 2023 | GoldstardanceClub\" title=\"Khmer Culture - 4 2023 | GoldstardanceClub\">\n\t\t\t\t\t<div class=\"yotu-video-thumb-wrp\">\n\t\t\t\t\t\t<div>\n\t\t\t\t\t\t\t\t\t\t\t\t\t\t<img decoding=\"async\" class=\"yotu-video-thumb\" src=\"https:\/\/i.ytimg.com\/vi\/RztRInNNzMo\/sddefault.jpg\" alt=\"Khmer Culture - 4 2023 | GoldstardanceClub\">\t\n\t\t\t\t\t\t\t\t\t\t\t\t\t<\/div>\n\t\t\t\t\t<\/div>\n\t\t\t\t\t\t\t\t\t\t\t<h3 class=\"yotu-video-title\">Khmer Culture - 4 2023 | GoldstardanceClub<\/h3>\n\t\t\t\t\t\t\t\t\t\t\t\t\t\t\t\t\t\t\t\t\t<div class=\"yotu-video-description\"><\/div>\n\t\t\t\t\t\t\t\t\t<\/a>\n\t\t\t\t\t\t\t<\/li>\n\t\t\t\t\n\t\t\t\t\t\t<li class=\"\">\n\t\t\t\t\t\t\t\t<a href=\"#I_a-IvpVjxo\" class=\"yotu-video ytef-float\" data-videoid=\"I_a-IvpVjxo\" data-title=\"OST Goldstardance 2023 - \\&quot;N\u01a0I T\u1eceA S\u00c1NG NI\u1ec0M \u0110AM M\u00ca\\&quot;\" title=\"OST Goldstardance 2023 - &quot;N\u01a0I T\u1eceA S\u00c1NG NI\u1ec0M \u0110AM M\u00ca&quot;\">\n\t\t\t\t\t<div class=\"yotu-video-thumb-wrp\">\n\t\t\t\t\t\t<div>\n\t\t\t\t\t\t\t\t\t\t\t\t\t\t<img decoding=\"async\" class=\"yotu-video-thumb\" src=\"https:\/\/i.ytimg.com\/vi\/I_a-IvpVjxo\/sddefault.jpg\" alt=\"OST Goldstardance 2023 - &quot;N\u01a0I T\u1eceA S\u00c1NG NI\u1ec0M \u0110AM M\u00ca&quot;\">\t\n\t\t\t\t\t\t\t\t\t\t\t\t\t<\/div>\n\t\t\t\t\t<\/div>\n\t\t\t\t\t\t\t\t\t\t\t<h3 class=\"yotu-video-title\">OST Goldstardance 2023 - \"N\u01a0I T\u1eceA S\u00c1NG NI\u1ec0M \u0110AM M\u00ca\"<\/h3>\n\t\t\t\t\t\t\t\t\t\t\t\t\t\t\t\t\t\t\t\t\t<div class=\"yotu-video-description\"><\/div>\n\t\t\t\t\t\t\t\t\t<\/a>\n\t\t\t\t\t\t\t<\/li>\n\t\t\t\t\n\t\t\t\t\t\t<li class=\"\">\n\t\t\t\t\t\t\t\t<a href=\"#zYgsm-7f6kY\" class=\"yotu-video ytef-float\" data-videoid=\"zYgsm-7f6kY\" data-title=\"I AM NUMBER FOUR | 2-2023 | GoldstardanceClub\" title=\"I AM NUMBER FOUR | 2-2023 | GoldstardanceClub\">\n\t\t\t\t\t<div class=\"yotu-video-thumb-wrp\">\n\t\t\t\t\t\t<div>\n\t\t\t\t\t\t\t\t\t\t\t\t\t\t<img decoding=\"async\" class=\"yotu-video-thumb\" src=\"https:\/\/i.ytimg.com\/vi\/zYgsm-7f6kY\/sddefault.jpg\" alt=\"I AM NUMBER FOUR | 2-2023 | GoldstardanceClub\">\t\n\t\t\t\t\t\t\t\t\t\t\t\t\t<\/div>\n\t\t\t\t\t<\/div>\n\t\t\t\t\t\t\t\t\t\t\t<h3 class=\"yotu-video-title\">I AM NUMBER FOUR | 2-2023 | GoldstardanceClub<\/h3>\n\t\t\t\t\t\t\t\t\t\t\t\t\t\t\t\t\t\t\t\t\t<div class=\"yotu-video-description\"><\/div>\n\t\t\t\t\t\t\t\t\t<\/a>\n\t\t\t\t\t\t\t<\/li>\n\t\t\t\t\n\t\t\t\t\t\t<li class=\"\">\n\t\t\t\t\t\t\t\t<a href=\"#5r65hbNbNPA\" class=\"yotu-video ytef-float\" data-videoid=\"5r65hbNbNPA\" data-title=\"Stronger Together | MTPro20 | GoldstardanceClub 2-2023\" title=\"Stronger Together | MTPro20 | GoldstardanceClub 2-2023\">\n\t\t\t\t\t<div class=\"yotu-video-thumb-wrp\">\n\t\t\t\t\t\t<div>\n\t\t\t\t\t\t\t\t\t\t\t\t\t\t<img decoding=\"async\" class=\"yotu-video-thumb\" src=\"https:\/\/i.ytimg.com\/vi\/5r65hbNbNPA\/sddefault.jpg\" alt=\"Stronger Together | MTPro20 | GoldstardanceClub 2-2023\">\t\n\t\t\t\t\t\t\t\t\t\t\t\t\t<\/div>\n\t\t\t\t\t<\/div>\n\t\t\t\t\t\t\t\t\t\t\t<h3 class=\"yotu-video-title\">Stronger Together | MTPro20 | GoldstardanceClub 2-2023<\/h3>\n\t\t\t\t\t\t\t\t\t\t\t\t\t\t\t\t\t\t\t\t\t<div class=\"yotu-video-description\"><\/div>\n\t\t\t\t\t\t\t\t\t<\/a>\n\t\t\t\t\t\t\t<\/li>\n\t\t\t\t\n\t\t\t\t\t\t<li class=\"\">\n\t\t\t\t\t\t\t\t<a href=\"#Y1saS8Kv6q8\" class=\"yotu-video ytef-float\" data-videoid=\"Y1saS8Kv6q8\" data-title=\"Nh\u1eefng \u0111i\u1ec1u con y\u00eau - L\u1edbp B\u1ed1n 5 | Ti\u1ec3u H\u1ecdc Th\u1ef1c H\u00e0nh DHSG - Goldstardance Production\" title=\"Nh\u1eefng \u0111i\u1ec1u con y\u00eau - L\u1edbp B\u1ed1n 5 | Ti\u1ec3u H\u1ecdc Th\u1ef1c H\u00e0nh DHSG - Goldstardance Production\">\n\t\t\t\t\t<div class=\"yotu-video-thumb-wrp\">\n\t\t\t\t\t\t<div>\n\t\t\t\t\t\t\t\t\t\t\t\t\t\t<img decoding=\"async\" class=\"yotu-video-thumb\" src=\"https:\/\/i.ytimg.com\/vi\/Y1saS8Kv6q8\/sddefault.jpg\" alt=\"Nh\u1eefng \u0111i\u1ec1u con y\u00eau - L\u1edbp B\u1ed1n 5 | Ti\u1ec3u H\u1ecdc Th\u1ef1c H\u00e0nh DHSG - Goldstardance Production\">\t\n\t\t\t\t\t\t\t\t\t\t\t\t\t<\/div>\n\t\t\t\t\t<\/div>\n\t\t\t\t\t\t\t\t\t\t\t<h3 class=\"yotu-video-title\">Nh\u1eefng \u0111i\u1ec1u con y\u00eau - L\u1edbp B\u1ed1n 5 | Ti\u1ec3u H\u1ecdc Th\u1ef1c H\u00e0nh DHSG - Goldstardance Production<\/h3>\n\t\t\t\t\t\t\t\t\t\t\t\t\t\t\t\t\t\t\t\t\t<div class=\"yotu-video-description\"><\/div>\n\t\t\t\t\t\t\t\t\t<\/a>\n\t\t\t\t\t\t\t<\/li>\n\t\t\t\t\n\t\t\t\t\t\t<li class=\"\">\n\t\t\t\t\t\t\t\t<a href=\"#OT4KArbuk0E\" class=\"yotu-video ytef-float\" data-videoid=\"OT4KArbuk0E\" data-title=\"Miss Teen M\u00f4i Tr\u01b0\u1eddng - V\u01b0\u01a1ng Tu\u1ec7 | by Goldstardance Club\" title=\"Miss Teen M\u00f4i Tr\u01b0\u1eddng - V\u01b0\u01a1ng Tu\u1ec7 | by Goldstardance Club\">\n\t\t\t\t\t<div class=\"yotu-video-thumb-wrp\">\n\t\t\t\t\t\t<div>\n\t\t\t\t\t\t\t\t\t\t\t\t\t\t<img decoding=\"async\" class=\"yotu-video-thumb\" src=\"https:\/\/i.ytimg.com\/vi\/OT4KArbuk0E\/sddefault.jpg\" alt=\"Miss Teen M\u00f4i Tr\u01b0\u1eddng - V\u01b0\u01a1ng Tu\u1ec7 | by Goldstardance Club\">\t\n\t\t\t\t\t\t\t\t\t\t\t\t\t<\/div>\n\t\t\t\t\t<\/div>\n\t\t\t\t\t\t\t\t\t\t\t<h3 class=\"yotu-video-title\">Miss Teen M\u00f4i Tr\u01b0\u1eddng - V\u01b0\u01a1ng Tu\u1ec7 | by Goldstardance Club<\/h3>\n\t\t\t\t\t\t\t\t\t\t\t\t\t\t\t\t\t\t\t\t\t<div class=\"yotu-video-description\"><\/div>\n\t\t\t\t\t\t\t\t\t<\/a>\n\t\t\t\t\t\t\t<\/li>\n\t\t\t\t\n\t\t\t\t\t\t<li class=\" yotu-last\">\n\t\t\t\t\t\t\t\t<a href=\"#zwR0kRnQofE\" class=\"yotu-video ytef-float\" data-videoid=\"zwR0kRnQofE\" data-title=\"part 5 - flashmob - ruby school\" title=\"part 5 - flashmob - ruby school\">\n\t\t\t\t\t<div class=\"yotu-video-thumb-wrp\">\n\t\t\t\t\t\t<div>\n\t\t\t\t\t\t\t\t\t\t\t\t\t\t<img decoding=\"async\" class=\"yotu-video-thumb\" src=\"https:\/\/i.ytimg.com\/vi\/zwR0kRnQofE\/sddefault.jpg\" alt=\"part 5 - flashmob - ruby school\">\t\n\t\t\t\t\t\t\t\t\t\t\t\t\t<\/div>\n\t\t\t\t\t<\/div>\n\t\t\t\t\t\t\t\t\t\t\t<h3 class=\"yotu-video-title\">part 5 - flashmob - ruby school<\/h3>\n\t\t\t\t\t\t\t\t\t\t\t\t\t\t\t\t\t\t\t\t\t<div class=\"yotu-video-description\"><\/div>\n\t\t\t\t\t\t\t\t\t<\/a>\n\t\t\t\t\t\t\t<\/li>\n\t\t\t\t\n\t\t\t\t<\/ul>\n<\/div><div class=\"yotu-pagination yotu-pager_layout-default yotu-pagination-bottom\">\n<a href=\"#\" class=\"yotu-pagination-prev yotu-button-prs yotu-button-prs-4\" data-page=\"prev\">Prev<\/a>\n<span class=\"yotu-pagination-current\">1<\/span> <span>of<\/span> <span class=\"yotu-pagination-total\">3<\/span>\n<a href=\"#\" class=\"yotu-pagination-next yotu-button-prs yotu-button-prs-4\" data-page=\"next\">Next<\/a>\n<\/div>\n\t\t\t\t<\/div>\n\t\t\t<\/div>\n\t\t\t<\/div>\n\t\t\t\t\t\t<\/div>\n\t\t\t\t<\/div>\n\t\t\t\t<\/div>\n\t\t\t\t\t<\/div>\n\t\t\t\t<\/div>\n\t\t<footer class=\"elementor-element elementor-element-36dab2ac e-con-full e-flex e-con e-parent\" data-id=\"36dab2ac\" data-element_type=\"container\">\n\t\t<div class=\"elementor-element elementor-element-4b561226 e-con-full e-flex e-con e-child\" data-id=\"4b561226\" data-element_type=\"container\">\n\t\t\t\t<div class=\"elementor-element elementor-element-7f36bc93 elementor-widget elementor-widget-image\" data-id=\"7f36bc93\" data-element_type=\"widget\" data-widget_type=\"image.default\">\n\t\t\t\t<div class=\"elementor-widget-container\">\n\t\t\t\t\t\t\t\t\t\t\t\t\t\t\t\t<a href=\"https:\/\/goldstardance.vn\">\n\t\t\t\t\t\t\t<img fetchpriority=\"high\" decoding=\"async\" width=\"300\" height=\"199\" src=\"https:\/\/goldstardance.vn\/wp-content\/uploads\/2024\/09\/logo-350-fix-300x199.png\" class=\"attachment-medium size-medium wp-image-538\" alt=\"\" srcset=\"https:\/\/goldstardance.vn\/wp-content\/uploads\/2024\/09\/logo-350-fix-300x199.png 300w, https:\/\/goldstardance.vn\/wp-content\/uploads\/2024\/09\/logo-350-fix.png 350w\" sizes=\"(max-width: 300px) 100vw, 300px\" \/>\t\t\t\t\t\t\t\t<\/a>\n\t\t\t\t\t\t\t\t\t\t\t\t\t\t\t<\/div>\n\t\t\t\t<\/div>\n\t\t\t\t<\/div>\n\t\t<div class=\"elementor-element elementor-element-7b7a9516 e-con-full e-flex e-con e-child\" data-id=\"7b7a9516\" data-element_type=\"container\">\n\t\t\t\t<div class=\"elementor-element elementor-element-21af53b9 elementor-widget elementor-widget-heading\" data-id=\"21af53b9\" data-element_type=\"widget\" data-widget_type=\"heading.default\">\n\t\t\t\t<div class=\"elementor-widget-container\">\n\t\t\t\t\t<h4 class=\"elementor-heading-title elementor-size-default\">\u0110\u1ecaA CH\u1ec8<\/h4>\t\t\t\t<\/div>\n\t\t\t\t<\/div>\n\t\t\t\t<div class=\"elementor-element elementor-element-118d5cbd elementor-widget elementor-widget-text-editor\" data-id=\"118d5cbd\" data-element_type=\"widget\" data-widget_type=\"text-editor.default\">\n\t\t\t\t<div class=\"elementor-widget-container\">\n\t\t\t\t\t\t\t\t\t<p>L\u1ea7u 1, S\u1ed1 446 \u0110\u01b0\u1eddng Ho\u00e0ng V\u0103n Th\u1ee5, Ph\u01b0\u1eddng 4, T\u00e2n B\u00ecnh, Th\u00e0nh ph\u1ed1 H\u1ed3 Ch\u00ed Minh<\/p><p>\u0110\u1ecba ch\u1ec9 m\u1edbi: S\u1ed1 446 \u0110\u01b0\u1eddng Ho\u00e0ng V\u0103n Th\u1ee5 , Ph\u01b0\u1eddng T\u00e2n S\u01a1n Nh\u1ea5t , TP.HCM<\/p><p>CLB Sao V\u00e0ng &#8211; Kh\u00f4ng gian sinh ho\u1ea1t c\u1ed9ng \u0111\u1ed3ng Ph\u01b0\u1eddng T\u00e2n S\u01a1n Nh\u1ea5t<\/p><p>(Trung T\u00e2m Tri\u1ec5n L\u00e3m T\u00e2n B\u00ecnh C\u0169)<\/p><p>Tel: 0906.606.107 &#8211; C\u00f4 Ng\u1ecdc Lan (Ch\u1ee7 Nhi\u1ec7m CLB)<\/p>\t\t\t\t\t\t\t\t<\/div>\n\t\t\t\t<\/div>\n\t\t\t\t<\/div>\n\t\t<div class=\"elementor-element elementor-element-188ff9a8 e-con-full e-flex e-con e-child\" data-id=\"188ff9a8\" data-element_type=\"container\">\n\t\t\t\t<div class=\"elementor-element elementor-element-4956050c elementor-widget elementor-widget-heading\" data-id=\"4956050c\" data-element_type=\"widget\" data-widget_type=\"heading.default\">\n\t\t\t\t<div class=\"elementor-widget-container\">\n\t\t\t\t\t<h4 class=\"elementor-heading-title elementor-size-default\">TH\u1edcI GIAN HO\u1ea0T \u0110\u1ed8NG<\/h4>\t\t\t\t<\/div>\n\t\t\t\t<\/div>\n\t\t\t\t<div class=\"elementor-element elementor-element-16b398bb elementor-widget elementor-widget-text-editor\" data-id=\"16b398bb\" data-element_type=\"widget\" data-widget_type=\"text-editor.default\">\n\t\t\t\t<div class=\"elementor-widget-container\">\n\t\t\t\t\t\t\t\t\t<p>T\u1eeb Th\u1ee9 Hai &#8211; Ch\u1ee7 Nh\u1eadt<br \/>08:30 &#8211; 21:30<br \/><br \/><\/p>\t\t\t\t\t\t\t\t<\/div>\n\t\t\t\t<\/div>\n\t\t\t\t<\/div>\n\t\t<div class=\"elementor-element elementor-element-2a5002cc e-con-full e-flex e-con e-child\" data-id=\"2a5002cc\" data-element_type=\"container\">\n\t\t\t\t<div class=\"elementor-element elementor-element-4193fb91 elementor-widget elementor-widget-heading\" data-id=\"4193fb91\" data-element_type=\"widget\" data-widget_type=\"heading.default\">\n\t\t\t\t<div class=\"elementor-widget-container\">\n\t\t\t\t\t<h4 class=\"elementor-heading-title elementor-size-default\">LI\u00caN H\u1ec6 CH\u00daNG T\u00d4I<\/h4>\t\t\t\t<\/div>\n\t\t\t\t<\/div>\n\t\t\t\t<div class=\"elementor-element elementor-element-18b6a58e elementor-widget elementor-widget-text-editor\" data-id=\"18b6a58e\" data-element_type=\"widget\" data-widget_type=\"text-editor.default\">\n\t\t\t\t<div class=\"elementor-widget-container\">\n\t\t\t\t\t\t\t\t\t<p>Email:\u00a0 \u00a0 \u00a0 \u00a0 \u00a0 \u00a0goldstardance2013@gmail.com<\/p><p>Fanpage:\u00a0 \u00a0 \u00a0Goldstardance2013<\/p><p>Zalo:\u00a0 \u00a0 \u00a0 \u00a0 \u00a0 \u00a0 \u00a00906.606.107<\/p>\t\t\t\t\t\t\t\t<\/div>\n\t\t\t\t<\/div>\n\t\t\t\t<\/div>\n\t\t\t\t<\/footer>\n\t\t<div class=\"elementor-element elementor-element-5e1f7446 e-flex e-con-boxed e-con e-parent\" data-id=\"5e1f7446\" data-element_type=\"container\" data-settings=\"{&quot;background_background&quot;:&quot;classic&quot;}\">\n\t\t\t\t\t<div class=\"e-con-inner\">\n\t\t\t\t<div class=\"elementor-element elementor-element-520265c6 elementor-widget elementor-widget-heading\" data-id=\"520265c6\" data-element_type=\"widget\" data-widget_type=\"heading.default\">\n\t\t\t\t<div class=\"elementor-widget-container\">\n\t\t\t\t\t<p class=\"elementor-heading-title elementor-size-default\">\u00a9 GoldstarDance Club 2026- B\u1ea3n quy\u1ec1n thu\u1ed9c v\u1ec1 GoldstarDance Club<\/p>\t\t\t\t<\/div>\n\t\t\t\t<\/div>\n\t\t\t\t\t<\/div>\n\t\t\t\t<\/div>\n\t\t\t\t<\/div>\n\t\t","protected":false},"excerpt":{"rendered":"<p>Danh S\u00e1ch MV do GoldstarDance th\u1ef1c hi\u1ec7n \u0110\u1ecaA CH\u1ec8 L\u1ea7u 1, S\u1ed1 446 \u0110\u01b0\u1eddng Ho\u00e0ng V\u0103n Th\u1ee5, Ph\u01b0\u1eddng 4, T\u00e2n B\u00ecnh, Th\u00e0nh ph\u1ed1 H\u1ed3 Ch\u00ed Minh \u0110\u1ecba ch\u1ec9 m\u1edbi: S\u1ed1 446 \u0110\u01b0\u1eddng Ho\u00e0ng V\u0103n Th\u1ee5 , Ph\u01b0\u1eddng T\u00e2n S\u01a1n Nh\u1ea5t , TP.HCM CLB Sao V\u00e0ng &#8211; Kh\u00f4ng gian sinh ho\u1ea1t c\u1ed9ng \u0111\u1ed3ng Ph\u01b0\u1eddng T\u00e2n S\u01a1n [&hellip;]<\/p>\n","protected":false},"author":2,"featured_media":0,"parent":2528,"menu_order":0,"comment_status":"closed","ping_status":"closed","template":"","meta":{"footnotes":""},"class_list":["post-2352","page","type-page","status-publish","hentry"],"_links":{"self":[{"href":"https:\/\/goldstardance.vn\/index.php\/wp-json\/wp\/v2\/pages\/2352","targetHints":{"allow":["GET"]}}],"collection":[{"href":"https:\/\/goldstardance.vn\/index.php\/wp-json\/wp\/v2\/pages"}],"about":[{"href":"https:\/\/goldstardance.vn\/index.php\/wp-json\/wp\/v2\/types\/page"}],"author":[{"embeddable":true,"href":"https:\/\/goldstardance.vn\/index.php\/wp-json\/wp\/v2\/users\/2"}],"replies":[{"embeddable":true,"href":"https:\/\/goldstardance.vn\/index.php\/wp-json\/wp\/v2\/comments?post=2352"}],"version-history":[{"count":6,"href":"https:\/\/goldstardance.vn\/index.php\/wp-json\/wp\/v2\/pages\/2352\/revisions"}],"predecessor-version":[{"id":4274,"href":"https:\/\/goldstardance.vn\/index.php\/wp-json\/wp\/v2\/pages\/2352\/revisions\/4274"}],"up":[{"embeddable":true,"href":"https:\/\/goldstardance.vn\/index.php\/wp-json\/wp\/v2\/pages\/2528"}],"wp:attachment":[{"href":"https:\/\/goldstardance.vn\/index.php\/wp-json\/wp\/v2\/media?parent=2352"}],"curies":[{"name":"wp","href":"https:\/\/api.w.org\/{rel}","templated":true}]}}