{"id":2351,"date":"2024-09-26T05:49:43","date_gmt":"2024-09-26T05:49:43","guid":{"rendered":"https:\/\/goldstardance.vn\/?page_id=2351"},"modified":"2024-09-30T14:07:13","modified_gmt":"2024-09-30T14:07:13","slug":"video-dan-dung-bien-tap","status":"publish","type":"page","link":"https:\/\/goldstardance.vn\/index.php\/elementor-97\/thuviengoldstardance\/video-clip\/video-dan-dung-bien-tap\/","title":{"rendered":"Video D\u00e0n D\u1ef1ng &#8211; Bi\u00ean T\u1eadp"},"content":{"rendered":"\t\t<div data-elementor-type=\"wp-page\" data-elementor-id=\"2351\" class=\"elementor elementor-2351\" data-elementor-post-type=\"page\">\n\t\t\t\t<div class=\"elementor-element elementor-element-224e1d49 e-flex e-con-boxed e-con e-parent\" data-id=\"224e1d49\" data-element_type=\"container\" data-settings=\"{&quot;background_background&quot;:&quot;classic&quot;}\">\n\t\t\t\t\t<div class=\"e-con-inner\">\n\t\t<div class=\"elementor-element elementor-element-7a2ba6c7 e-con-full e-flex e-con e-child\" data-id=\"7a2ba6c7\" data-element_type=\"container\" data-settings=\"{&quot;background_background&quot;:&quot;classic&quot;}\">\n\t\t\t\t<div class=\"elementor-element elementor-element-7600bb1d elementor-widget elementor-widget-heading\" data-id=\"7600bb1d\" data-element_type=\"widget\" data-widget_type=\"heading.default\">\n\t\t\t\t<div class=\"elementor-widget-container\">\n\t\t\t\t\t<h2 class=\"elementor-heading-title elementor-size-default\">C\u00e1c ti\u1ebft m\u1ee5c - ch\u01b0\u01a1ng tr\u00ecnh GoldstarDance D\u00e0n d\u1ef1ng<\/h2>\t\t\t\t<\/div>\n\t\t\t\t<\/div>\n\t\t\t\t<div class=\"elementor-element elementor-element-57e3dd99 elementor-widget elementor-widget-shortcode\" data-id=\"57e3dd99\" data-element_type=\"widget\" data-widget_type=\"shortcode.default\">\n\t\t\t\t<div class=\"elementor-widget-container\">\n\t\t\t\t\t\t\t<div class=\"elementor-shortcode\">\t\t\t<div \n\t\t\tclass=\"yotu-playlist yotuwp yotu-limit-min   yotu-thumb-169  yotu-template-grid\" \n\t\t\tdata-page=\"1\"\n\t\t\tid=\"yotuwp-69f5bf01cd357\"\n\t\t\tdata-yotu=\"modal\"\n\t\t\tdata-total=\"7\"\n\t\t\tdata-settings=\"eyJ0eXBlIjoicGxheWxpc3QiLCJpZCI6IlBMRGVHTFBNX2txSU0tRjhqaXN5dlFKQ1d2UFNJLTVYQk8iLCJwYWdpbmF0aW9uIjoib24iLCJwYWdpdHlwZSI6InBhZ2VyIiwiY29sdW1uIjoiMyIsInBlcl9wYWdlIjoiMTIiLCJ0ZW1wbGF0ZSI6ImdyaWQiLCJ0aXRsZSI6Im9uIiwiZGVzY3JpcHRpb24iOiJvbiIsInRodW1icmF0aW8iOiIxNjkiLCJtZXRhIjoib2ZmIiwibWV0YV9kYXRhIjoib2ZmIiwibWV0YV9wb3NpdGlvbiI6Im9mZiIsImRhdGVfZm9ybWF0Ijoib2ZmIiwibWV0YV9hbGlnbiI6Im9mZiIsInN1YnNjcmliZSI6Im9mZiIsImR1cmF0aW9uIjoib2ZmIiwibWV0YV9pY29uIjoib2ZmIiwibmV4dHRleHQiOiIiLCJwcmV2dGV4dCI6IiIsImxvYWRtb3JldGV4dCI6IiIsInBsYXllciI6eyJtb2RlIjoicG9wdXAiLCJ3aWR0aCI6IjcyMCIsInNjcm9sbGluZyI6IjEwMCIsImF1dG9wbGF5IjowLCJjb250cm9scyI6MSwibW9kZXN0YnJhbmRpbmciOjEsImxvb3AiOjAsImF1dG9uZXh0IjoxLCJzaG93aW5mbyI6MSwicmVsIjoxLCJwbGF5aW5nIjowLCJwbGF5aW5nX2Rlc2NyaXB0aW9uIjowLCJ0aHVtYm5haWxzIjoxLCJjY19sb2FkX3BvbGljeSI6IjEiLCJjY19sYW5nX3ByZWYiOiIxIiwiaGwiOiIiLCJpdl9sb2FkX3BvbGljeSI6IjEifSwibGFzdF90YWIiOiJzZXR0aW5ncyIsInVzZV9hc19tb2RhbCI6Im9mZiIsIm1vZGFsX2lkIjoib2ZmIiwibGFzdF91cGRhdGUiOiIxNzI3NjEzNTA5Iiwic3R5bGluZyI6eyJwYWdlcl9sYXlvdXQiOiJkZWZhdWx0IiwiYnV0dG9uIjoiNCIsImJ1dHRvbl9jb2xvciI6IiIsImJ1dHRvbl9iZ19jb2xvciI6IiIsImJ1dHRvbl9jb2xvcl9ob3ZlciI6IiIsImJ1dHRvbl9iZ19jb2xvcl9ob3ZlciI6IiIsInZpZGVvX3N0eWxlIjoiZ3BsdXMiLCJwbGF5aWNvbl9jb2xvciI6IiIsImhvdmVyX2ljb24iOiIiLCJnYWxsZXJ5X2JnIjoiIn0sImVmZmVjdHMiOnsidmlkZW9fYm94IjoieXRlZi1mbG9hdCIsImZsaXBfZWZmZWN0IjoiIn0sImdhbGxlcnlfaWQiOiI2OWY1YmYwMWNkMzU3IiwibmV4dCI6IkVBQWFIbEJVT2tOQmQybEZSVkY2VFd0T1JrNVVRa05OUlZFMVVsVldSRTFFUVEiLCJwcmV2IjoiIn0=\"\n\t\t\tdata-player=\"popup\"\n\t\t\tdata-showdesc=\"on\" >\n\t\t\t\t<div>\n\t\t\t\t\t<div class=\"yotu-pagination yotu-pager_layout-default yotu-pagination-top\">\n<a href=\"#\" class=\"yotu-pagination-prev yotu-button-prs yotu-button-prs-4\" data-page=\"prev\">Prev<\/a>\n<span class=\"yotu-pagination-current\">1<\/span> <span>of<\/span> <span class=\"yotu-pagination-total\">7<\/span>\n<a href=\"#\" class=\"yotu-pagination-next yotu-button-prs yotu-button-prs-4\" data-page=\"next\">Next<\/a>\n<\/div>\n<div class=\"yotu-videos yotu-mode-grid yotu-preset yotu-preset-gplus yotu-column-3 yotu-player-mode-popup\">\n\t<ul>\n\t\t\t\t\t<li class=\" yotu-first\">\n\t\t\t\t\t\t\t\t<a href=\"#lZGuGWvyyII\" class=\"yotu-video ytef-float\" data-videoid=\"lZGuGWvyyII\" data-title=\"T\u1ef1 H\u00e0o Ti\u1ebfp B\u01b0\u1edbc T\u01b0\u01a1ng Lai | Tr\u1ea7n Ph\u00fa 11B14 | V\u00f2ng Lo\u1ea1i 2026 | Goldstardance Club 2026\" title=\"T\u1ef1 H\u00e0o Ti\u1ebfp B\u01b0\u1edbc T\u01b0\u01a1ng Lai | Tr\u1ea7n Ph\u00fa 11B14 | V\u00f2ng Lo\u1ea1i 2026 | Goldstardance Club 2026\">\n\t\t\t\t\t<div class=\"yotu-video-thumb-wrp\">\n\t\t\t\t\t\t<div>\n\t\t\t\t\t\t\t\t\t\t\t\t\t\t<img decoding=\"async\" class=\"yotu-video-thumb\" src=\"https:\/\/i.ytimg.com\/vi\/lZGuGWvyyII\/sddefault.jpg\" alt=\"T\u1ef1 H\u00e0o Ti\u1ebfp B\u01b0\u1edbc T\u01b0\u01a1ng Lai | Tr\u1ea7n Ph\u00fa 11B14 | V\u00f2ng Lo\u1ea1i 2026 | Goldstardance Club 2026\">\t\n\t\t\t\t\t\t\t\t\t\t\t\t\t<\/div>\n\t\t\t\t\t<\/div>\n\t\t\t\t\t\t\t\t\t\t\t<h3 class=\"yotu-video-title\">T\u1ef1 H\u00e0o Ti\u1ebfp B\u01b0\u1edbc T\u01b0\u01a1ng Lai | Tr\u1ea7n Ph\u00fa 11B14 | V\u00f2ng Lo\u1ea1i 2026 | Goldstardance Club 2026<\/h3>\n\t\t\t\t\t\t\t\t\t\t\t\t\t\t\t\t\t\t\t\t\t<div class=\"yotu-video-description\"><\/div>\n\t\t\t\t\t\t\t\t\t<\/a>\n\t\t\t\t\t\t\t<\/li>\n\t\t\t\t\n\t\t\t\t\t\t<li class=\"\">\n\t\t\t\t\t\t\t\t<a href=\"#BnMtwNBwLLY\" class=\"yotu-video ytef-float\" data-videoid=\"BnMtwNBwLLY\" data-title=\"Mitalab 2026 - Li\u00ean Qu\u00e2n Ba T\u01b0 Gi\u1ea3i Nh\u00ec. Kick Off Party | Goldstardance Club 2026\" title=\"Mitalab 2026 - Li\u00ean Qu\u00e2n Ba T\u01b0 Gi\u1ea3i Nh\u00ec. Kick Off Party | Goldstardance Club 2026\">\n\t\t\t\t\t<div class=\"yotu-video-thumb-wrp\">\n\t\t\t\t\t\t<div>\n\t\t\t\t\t\t\t\t\t\t\t\t\t\t<img decoding=\"async\" class=\"yotu-video-thumb\" src=\"https:\/\/i.ytimg.com\/vi\/BnMtwNBwLLY\/sddefault.jpg\" alt=\"Mitalab 2026 - Li\u00ean Qu\u00e2n Ba T\u01b0 Gi\u1ea3i Nh\u00ec. Kick Off Party | Goldstardance Club 2026\">\t\n\t\t\t\t\t\t\t\t\t\t\t\t\t<\/div>\n\t\t\t\t\t<\/div>\n\t\t\t\t\t\t\t\t\t\t\t<h3 class=\"yotu-video-title\">Mitalab 2026 - Li\u00ean Qu\u00e2n Ba T\u01b0 Gi\u1ea3i Nh\u00ec. Kick Off Party | Goldstardance Club 2026<\/h3>\n\t\t\t\t\t\t\t\t\t\t\t\t\t\t\t\t\t\t\t\t\t<div class=\"yotu-video-description\"><\/div>\n\t\t\t\t\t\t\t\t\t<\/a>\n\t\t\t\t\t\t\t<\/li>\n\t\t\t\t\n\t\t\t\t\t\t<li class=\"\">\n\t\t\t\t\t\t\t\t<a href=\"#pE6ijzU4-IY\" class=\"yotu-video ytef-float\" data-videoid=\"pE6ijzU4-IY\" data-title=\"Gi\u1ea3i Nh\u00ec Teambuilding | T\u1eadp \u0111o\u00e0n Kepple | Goldstardance Club 2025\" title=\"Gi\u1ea3i Nh\u00ec Teambuilding | T\u1eadp \u0111o\u00e0n Kepple | Goldstardance Club 2025\">\n\t\t\t\t\t<div class=\"yotu-video-thumb-wrp\">\n\t\t\t\t\t\t<div>\n\t\t\t\t\t\t\t\t\t\t\t\t\t\t<img decoding=\"async\" class=\"yotu-video-thumb\" src=\"https:\/\/i.ytimg.com\/vi\/pE6ijzU4-IY\/sddefault.jpg\" alt=\"Gi\u1ea3i Nh\u00ec Teambuilding | T\u1eadp \u0111o\u00e0n Kepple | Goldstardance Club 2025\">\t\n\t\t\t\t\t\t\t\t\t\t\t\t\t<\/div>\n\t\t\t\t\t<\/div>\n\t\t\t\t\t\t\t\t\t\t\t<h3 class=\"yotu-video-title\">Gi\u1ea3i Nh\u00ec Teambuilding | T\u1eadp \u0111o\u00e0n Kepple | Goldstardance Club 2025<\/h3>\n\t\t\t\t\t\t\t\t\t\t\t\t\t\t\t\t\t\t\t\t\t<div class=\"yotu-video-description\"><\/div>\n\t\t\t\t\t\t\t\t\t<\/a>\n\t\t\t\t\t\t\t<\/li>\n\t\t\t\t\n\t\t\t\t\t\t<li class=\"\">\n\t\t\t\t\t\t\t\t<a href=\"#Zu1zFY7Kzkc\" class=\"yotu-video ytef-float\" data-videoid=\"Zu1zFY7Kzkc\" data-title=\"\u0110\u1ea1o h\u1ecdc ng\u00e0n x\u01b0a | Gi\u1ea3i Nh\u00ec Cu\u1ed9c thi V\u0103n Ngh\u1ec7 2025 | THPT Tr\u1ea7n Ph\u00fa | Goldstardance Club 2025\" title=\"\u0110\u1ea1o h\u1ecdc ng\u00e0n x\u01b0a | Gi\u1ea3i Nh\u00ec Cu\u1ed9c thi V\u0103n Ngh\u1ec7 2025 | THPT Tr\u1ea7n Ph\u00fa | Goldstardance Club 2025\">\n\t\t\t\t\t<div class=\"yotu-video-thumb-wrp\">\n\t\t\t\t\t\t<div>\n\t\t\t\t\t\t\t\t\t\t\t\t\t\t<img decoding=\"async\" class=\"yotu-video-thumb\" src=\"https:\/\/i.ytimg.com\/vi\/Zu1zFY7Kzkc\/sddefault.jpg\" alt=\"\u0110\u1ea1o h\u1ecdc ng\u00e0n x\u01b0a | Gi\u1ea3i Nh\u00ec Cu\u1ed9c thi V\u0103n Ngh\u1ec7 2025 | THPT Tr\u1ea7n Ph\u00fa | Goldstardance Club 2025\">\t\n\t\t\t\t\t\t\t\t\t\t\t\t\t<\/div>\n\t\t\t\t\t<\/div>\n\t\t\t\t\t\t\t\t\t\t\t<h3 class=\"yotu-video-title\">\u0110\u1ea1o h\u1ecdc ng\u00e0n x\u01b0a | Gi\u1ea3i Nh\u00ec Cu\u1ed9c thi V\u0103n Ngh\u1ec7 2025 | THPT Tr\u1ea7n Ph\u00fa | Goldstardance Club 2025<\/h3>\n\t\t\t\t\t\t\t\t\t\t\t\t\t\t\t\t\t\t\t\t\t<div class=\"yotu-video-description\"><\/div>\n\t\t\t\t\t\t\t\t\t<\/a>\n\t\t\t\t\t\t\t<\/li>\n\t\t\t\t\n\t\t\t\t\t\t<li class=\"\">\n\t\t\t\t\t\t\t\t<a href=\"#o4sh2MoE7yQ\" class=\"yotu-video ytef-float\" data-videoid=\"o4sh2MoE7yQ\" data-title=\"T\u1ef1 h\u00e0o tu\u1ed5i tr\u1ebb Vi\u1ec7t Nam | Gi\u1ea3i Nh\u1ea5t | Goldstardance Club 2025\" title=\"T\u1ef1 h\u00e0o tu\u1ed5i tr\u1ebb Vi\u1ec7t Nam | Gi\u1ea3i Nh\u1ea5t | Goldstardance Club 2025\">\n\t\t\t\t\t<div class=\"yotu-video-thumb-wrp\">\n\t\t\t\t\t\t<div>\n\t\t\t\t\t\t\t\t\t\t\t\t\t\t<img decoding=\"async\" class=\"yotu-video-thumb\" src=\"https:\/\/i.ytimg.com\/vi\/o4sh2MoE7yQ\/sddefault.jpg\" alt=\"T\u1ef1 h\u00e0o tu\u1ed5i tr\u1ebb Vi\u1ec7t Nam | Gi\u1ea3i Nh\u1ea5t | Goldstardance Club 2025\">\t\n\t\t\t\t\t\t\t\t\t\t\t\t\t<\/div>\n\t\t\t\t\t<\/div>\n\t\t\t\t\t\t\t\t\t\t\t<h3 class=\"yotu-video-title\">T\u1ef1 h\u00e0o tu\u1ed5i tr\u1ebb Vi\u1ec7t Nam | Gi\u1ea3i Nh\u1ea5t | Goldstardance Club 2025<\/h3>\n\t\t\t\t\t\t\t\t\t\t\t\t\t\t\t\t\t\t\t\t\t<div class=\"yotu-video-description\"><\/div>\n\t\t\t\t\t\t\t\t\t<\/a>\n\t\t\t\t\t\t\t<\/li>\n\t\t\t\t\n\t\t\t\t\t\t<li class=\"\">\n\t\t\t\t\t\t\t\t<a href=\"#Obc1n7dc7U4\" class=\"yotu-video ytef-float\" data-videoid=\"Obc1n7dc7U4\" data-title=\"T\u1ea5t Ni\u00ean IBM 2024 | Gi\u1ea3i Nh\u1ea5t | Goldstardance Club\" title=\"T\u1ea5t Ni\u00ean IBM 2024 | Gi\u1ea3i Nh\u1ea5t | Goldstardance Club\">\n\t\t\t\t\t<div class=\"yotu-video-thumb-wrp\">\n\t\t\t\t\t\t<div>\n\t\t\t\t\t\t\t\t\t\t\t\t\t\t<img decoding=\"async\" class=\"yotu-video-thumb\" src=\"https:\/\/i.ytimg.com\/vi\/Obc1n7dc7U4\/sddefault.jpg\" alt=\"T\u1ea5t Ni\u00ean IBM 2024 | Gi\u1ea3i Nh\u1ea5t | Goldstardance Club\">\t\n\t\t\t\t\t\t\t\t\t\t\t\t\t<\/div>\n\t\t\t\t\t<\/div>\n\t\t\t\t\t\t\t\t\t\t\t<h3 class=\"yotu-video-title\">T\u1ea5t Ni\u00ean IBM 2024 | Gi\u1ea3i Nh\u1ea5t | Goldstardance Club<\/h3>\n\t\t\t\t\t\t\t\t\t\t\t\t\t\t\t\t\t\t\t\t\t<div class=\"yotu-video-description\"><\/div>\n\t\t\t\t\t\t\t\t\t<\/a>\n\t\t\t\t\t\t\t<\/li>\n\t\t\t\t\n\t\t\t\t\t\t<li class=\"\">\n\t\t\t\t\t\t\t\t<a href=\"#DELoTctxPmE\" class=\"yotu-video ytef-float\" data-videoid=\"DELoTctxPmE\" data-title=\"T\u1ef1 h\u00e0o tu\u1ed5i tr\u1ebb Vi\u1ec7t Nam | Gi\u1ea3i Nh\u1ea5t | Trung \u0110o\u00e0n Gia \u0110\u1ecbnh | Goldstardance Club 2025\" title=\"T\u1ef1 h\u00e0o tu\u1ed5i tr\u1ebb Vi\u1ec7t Nam | Gi\u1ea3i Nh\u1ea5t | Trung \u0110o\u00e0n Gia \u0110\u1ecbnh | Goldstardance Club 2025\">\n\t\t\t\t\t<div class=\"yotu-video-thumb-wrp\">\n\t\t\t\t\t\t<div>\n\t\t\t\t\t\t\t\t\t\t\t\t\t\t<img decoding=\"async\" class=\"yotu-video-thumb\" src=\"https:\/\/i.ytimg.com\/vi\/DELoTctxPmE\/sddefault.jpg\" alt=\"T\u1ef1 h\u00e0o tu\u1ed5i tr\u1ebb Vi\u1ec7t Nam | Gi\u1ea3i Nh\u1ea5t | Trung \u0110o\u00e0n Gia \u0110\u1ecbnh | Goldstardance Club 2025\">\t\n\t\t\t\t\t\t\t\t\t\t\t\t\t<\/div>\n\t\t\t\t\t<\/div>\n\t\t\t\t\t\t\t\t\t\t\t<h3 class=\"yotu-video-title\">T\u1ef1 h\u00e0o tu\u1ed5i tr\u1ebb Vi\u1ec7t Nam | Gi\u1ea3i Nh\u1ea5t | Trung \u0110o\u00e0n Gia \u0110\u1ecbnh | Goldstardance Club 2025<\/h3>\n\t\t\t\t\t\t\t\t\t\t\t\t\t\t\t\t\t\t\t\t\t<div class=\"yotu-video-description\"><\/div>\n\t\t\t\t\t\t\t\t\t<\/a>\n\t\t\t\t\t\t\t<\/li>\n\t\t\t\t\n\t\t\t\t\t\t<li class=\"\">\n\t\t\t\t\t\t\t\t<a href=\"#7SPtKSOLPH0\" class=\"yotu-video ytef-float\" data-videoid=\"7SPtKSOLPH0\" data-title=\"Th\u1ea7y C\u00f4 cho em t\u1ea5t c\u1ea3 | Gi\u1ea3i Nh\u1ea5t | THCS Nguy\u1ec5n V\u0103n T\u1ed1 | Goldstardance Club 2025\" title=\"Th\u1ea7y C\u00f4 cho em t\u1ea5t c\u1ea3 | Gi\u1ea3i Nh\u1ea5t | THCS Nguy\u1ec5n V\u0103n T\u1ed1 | Goldstardance Club 2025\">\n\t\t\t\t\t<div class=\"yotu-video-thumb-wrp\">\n\t\t\t\t\t\t<div>\n\t\t\t\t\t\t\t\t\t\t\t\t\t\t<img decoding=\"async\" class=\"yotu-video-thumb\" src=\"https:\/\/i.ytimg.com\/vi\/7SPtKSOLPH0\/hqdefault.jpg\" alt=\"Th\u1ea7y C\u00f4 cho em t\u1ea5t c\u1ea3 | Gi\u1ea3i Nh\u1ea5t | THCS Nguy\u1ec5n V\u0103n T\u1ed1 | Goldstardance Club 2025\">\t\n\t\t\t\t\t\t\t\t\t\t\t\t\t<\/div>\n\t\t\t\t\t<\/div>\n\t\t\t\t\t\t\t\t\t\t\t<h3 class=\"yotu-video-title\">Th\u1ea7y C\u00f4 cho em t\u1ea5t c\u1ea3 | Gi\u1ea3i Nh\u1ea5t | THCS Nguy\u1ec5n V\u0103n T\u1ed1 | Goldstardance Club 2025<\/h3>\n\t\t\t\t\t\t\t\t\t\t\t\t\t\t\t\t\t\t\t\t\t<div class=\"yotu-video-description\"><\/div>\n\t\t\t\t\t\t\t\t\t<\/a>\n\t\t\t\t\t\t\t<\/li>\n\t\t\t\t\n\t\t\t\t\t\t<li class=\"\">\n\t\t\t\t\t\t\t\t<a href=\"#Rbq5ZyNmxBA\" class=\"yotu-video ytef-float\" data-videoid=\"Rbq5ZyNmxBA\" data-title=\"Vang M\u00e3i B\u1ea3n H\u00f9ng Ca Chi\u1ebfn Th\u1eafng | Gi\u1ea3i Nh\u1ea5t | TH T\u00e2n S\u01a1n Nh\u00ec |Goldstardance Club 2025\" title=\"Vang M\u00e3i B\u1ea3n H\u00f9ng Ca Chi\u1ebfn Th\u1eafng | Gi\u1ea3i Nh\u1ea5t | TH T\u00e2n S\u01a1n Nh\u00ec |Goldstardance Club 2025\">\n\t\t\t\t\t<div class=\"yotu-video-thumb-wrp\">\n\t\t\t\t\t\t<div>\n\t\t\t\t\t\t\t\t\t\t\t\t\t\t<img decoding=\"async\" class=\"yotu-video-thumb\" src=\"https:\/\/i.ytimg.com\/vi\/Rbq5ZyNmxBA\/sddefault.jpg\" alt=\"Vang M\u00e3i B\u1ea3n H\u00f9ng Ca Chi\u1ebfn Th\u1eafng | Gi\u1ea3i Nh\u1ea5t | TH T\u00e2n S\u01a1n Nh\u00ec |Goldstardance Club 2025\">\t\n\t\t\t\t\t\t\t\t\t\t\t\t\t<\/div>\n\t\t\t\t\t<\/div>\n\t\t\t\t\t\t\t\t\t\t\t<h3 class=\"yotu-video-title\">Vang M\u00e3i B\u1ea3n H\u00f9ng Ca Chi\u1ebfn Th\u1eafng | Gi\u1ea3i Nh\u1ea5t | TH T\u00e2n S\u01a1n Nh\u00ec |Goldstardance Club 2025<\/h3>\n\t\t\t\t\t\t\t\t\t\t\t\t\t\t\t\t\t\t\t\t\t<div class=\"yotu-video-description\"><\/div>\n\t\t\t\t\t\t\t\t\t<\/a>\n\t\t\t\t\t\t\t<\/li>\n\t\t\t\t\n\t\t\t\t\t\t<li class=\"\">\n\t\t\t\t\t\t\t\t<a href=\"#TIBtSy8EBqc\" class=\"yotu-video ytef-float\" data-videoid=\"TIBtSy8EBqc\" data-title=\"Ho\u1ea1t c\u1ea3nh Th\u1ea7y \u0111\u1ed3 | Gi\u1ea3i Nh\u1ea5t | THCS Nguy\u1ec5n Hu\u1ec7 | Goldstardance Club 2025\" title=\"Ho\u1ea1t c\u1ea3nh Th\u1ea7y \u0111\u1ed3 | Gi\u1ea3i Nh\u1ea5t | THCS Nguy\u1ec5n Hu\u1ec7 | Goldstardance Club 2025\">\n\t\t\t\t\t<div class=\"yotu-video-thumb-wrp\">\n\t\t\t\t\t\t<div>\n\t\t\t\t\t\t\t\t\t\t\t\t\t\t<img decoding=\"async\" class=\"yotu-video-thumb\" src=\"https:\/\/i.ytimg.com\/vi\/TIBtSy8EBqc\/hqdefault.jpg\" alt=\"Ho\u1ea1t c\u1ea3nh Th\u1ea7y \u0111\u1ed3 | Gi\u1ea3i Nh\u1ea5t | THCS Nguy\u1ec5n Hu\u1ec7 | Goldstardance Club 2025\">\t\n\t\t\t\t\t\t\t\t\t\t\t\t\t<\/div>\n\t\t\t\t\t<\/div>\n\t\t\t\t\t\t\t\t\t\t\t<h3 class=\"yotu-video-title\">Ho\u1ea1t c\u1ea3nh Th\u1ea7y \u0111\u1ed3 | Gi\u1ea3i Nh\u1ea5t | THCS Nguy\u1ec5n Hu\u1ec7 | Goldstardance Club 2025<\/h3>\n\t\t\t\t\t\t\t\t\t\t\t\t\t\t\t\t\t\t\t\t\t<div class=\"yotu-video-description\"><\/div>\n\t\t\t\t\t\t\t\t\t<\/a>\n\t\t\t\t\t\t\t<\/li>\n\t\t\t\t\n\t\t\t\t\t\t<li class=\"\">\n\t\t\t\t\t\t\t\t<a href=\"#Il3i8TlUz8o\" class=\"yotu-video ytef-float\" data-videoid=\"Il3i8TlUz8o\" data-title=\"Made In Viet Nam | Gi\u1ea3i Nh\u00ec | TH Hi\u1ec7p T\u00e2n | Coach Ki\u1ec1u Di\u1ec5m | Goldstardance Club 2025\" title=\"Made In Viet Nam | Gi\u1ea3i Nh\u00ec | TH Hi\u1ec7p T\u00e2n | Coach Ki\u1ec1u Di\u1ec5m | Goldstardance Club 2025\">\n\t\t\t\t\t<div class=\"yotu-video-thumb-wrp\">\n\t\t\t\t\t\t<div>\n\t\t\t\t\t\t\t\t\t\t\t\t\t\t<img decoding=\"async\" class=\"yotu-video-thumb\" src=\"https:\/\/i.ytimg.com\/vi\/Il3i8TlUz8o\/sddefault.jpg\" alt=\"Made In Viet Nam | Gi\u1ea3i Nh\u00ec | TH Hi\u1ec7p T\u00e2n | Coach Ki\u1ec1u Di\u1ec5m | Goldstardance Club 2025\">\t\n\t\t\t\t\t\t\t\t\t\t\t\t\t<\/div>\n\t\t\t\t\t<\/div>\n\t\t\t\t\t\t\t\t\t\t\t<h3 class=\"yotu-video-title\">Made In Viet Nam | Gi\u1ea3i Nh\u00ec | TH Hi\u1ec7p T\u00e2n | Coach Ki\u1ec1u Di\u1ec5m | Goldstardance Club 2025<\/h3>\n\t\t\t\t\t\t\t\t\t\t\t\t\t\t\t\t\t\t\t\t\t<div class=\"yotu-video-description\"><\/div>\n\t\t\t\t\t\t\t\t\t<\/a>\n\t\t\t\t\t\t\t<\/li>\n\t\t\t\t\n\t\t\t\t\t\t<li class=\" yotu-last\">\n\t\t\t\t\t\t\t\t<a href=\"#c4YxCQqZCZs\" class=\"yotu-video ytef-float\" data-videoid=\"c4YxCQqZCZs\" data-title=\"Vi\u1ec7t Nam s\u00e1ng ng\u1eddi | Gi\u1ea3i Nh\u1ea5t Cu\u1ed9c Thi V\u0103n Ngh\u1ec7 2025 | THPT Tr\u1ea7n Ph\u00fa | Goldstardance Club 2025\" title=\"Vi\u1ec7t Nam s\u00e1ng ng\u1eddi | Gi\u1ea3i Nh\u1ea5t Cu\u1ed9c Thi V\u0103n Ngh\u1ec7 2025 | THPT Tr\u1ea7n Ph\u00fa | Goldstardance Club 2025\">\n\t\t\t\t\t<div class=\"yotu-video-thumb-wrp\">\n\t\t\t\t\t\t<div>\n\t\t\t\t\t\t\t\t\t\t\t\t\t\t<img decoding=\"async\" class=\"yotu-video-thumb\" src=\"https:\/\/i.ytimg.com\/vi\/c4YxCQqZCZs\/hqdefault.jpg\" alt=\"Vi\u1ec7t Nam s\u00e1ng ng\u1eddi | Gi\u1ea3i Nh\u1ea5t Cu\u1ed9c Thi V\u0103n Ngh\u1ec7 2025 | THPT Tr\u1ea7n Ph\u00fa | Goldstardance Club 2025\">\t\n\t\t\t\t\t\t\t\t\t\t\t\t\t<\/div>\n\t\t\t\t\t<\/div>\n\t\t\t\t\t\t\t\t\t\t\t<h3 class=\"yotu-video-title\">Vi\u1ec7t Nam s\u00e1ng ng\u1eddi | Gi\u1ea3i Nh\u1ea5t Cu\u1ed9c Thi V\u0103n Ngh\u1ec7 2025 | THPT Tr\u1ea7n Ph\u00fa | Goldstardance Club 2025<\/h3>\n\t\t\t\t\t\t\t\t\t\t\t\t\t\t\t\t\t\t\t\t\t<div class=\"yotu-video-description\"><\/div>\n\t\t\t\t\t\t\t\t\t<\/a>\n\t\t\t\t\t\t\t<\/li>\n\t\t\t\t\n\t\t\t\t<\/ul>\n<\/div><div class=\"yotu-pagination yotu-pager_layout-default yotu-pagination-bottom\">\n<a href=\"#\" class=\"yotu-pagination-prev yotu-button-prs yotu-button-prs-4\" data-page=\"prev\">Prev<\/a>\n<span class=\"yotu-pagination-current\">1<\/span> <span>of<\/span> <span class=\"yotu-pagination-total\">7<\/span>\n<a href=\"#\" class=\"yotu-pagination-next yotu-button-prs yotu-button-prs-4\" data-page=\"next\">Next<\/a>\n<\/div>\n\t\t\t\t<\/div>\n\t\t\t<\/div>\n\t\t\t<\/div>\n\t\t\t\t\t\t<\/div>\n\t\t\t\t<\/div>\n\t\t\t\t<\/div>\n\t\t\t\t\t<\/div>\n\t\t\t\t<\/div>\n\t\t\t\t<\/div>\n\t\t","protected":false},"excerpt":{"rendered":"<p>C\u00e1c ti\u1ebft m\u1ee5c &#8211; ch\u01b0\u01a1ng tr\u00ecnh GoldstarDance D\u00e0n d\u1ef1ng<\/p>\n","protected":false},"author":2,"featured_media":0,"parent":2528,"menu_order":0,"comment_status":"closed","ping_status":"closed","template":"","meta":{"footnotes":""},"class_list":["post-2351","page","type-page","status-publish","hentry"],"_links":{"self":[{"href":"https:\/\/goldstardance.vn\/index.php\/wp-json\/wp\/v2\/pages\/2351","targetHints":{"allow":["GET"]}}],"collection":[{"href":"https:\/\/goldstardance.vn\/index.php\/wp-json\/wp\/v2\/pages"}],"about":[{"href":"https:\/\/goldstardance.vn\/index.php\/wp-json\/wp\/v2\/types\/page"}],"author":[{"embeddable":true,"href":"https:\/\/goldstardance.vn\/index.php\/wp-json\/wp\/v2\/users\/2"}],"replies":[{"embeddable":true,"href":"https:\/\/goldstardance.vn\/index.php\/wp-json\/wp\/v2\/comments?post=2351"}],"version-history":[{"count":0,"href":"https:\/\/goldstardance.vn\/index.php\/wp-json\/wp\/v2\/pages\/2351\/revisions"}],"up":[{"embeddable":true,"href":"https:\/\/goldstardance.vn\/index.php\/wp-json\/wp\/v2\/pages\/2528"}],"wp:attachment":[{"href":"https:\/\/goldstardance.vn\/index.php\/wp-json\/wp\/v2\/media?parent=2351"}],"curies":[{"name":"wp","href":"https:\/\/api.w.org\/{rel}","templated":true}]}}