{"id":1059,"date":"2024-09-22T15:55:39","date_gmt":"2024-09-22T15:55:39","guid":{"rendered":"https:\/\/goldstardance.vn\/?page_id=1059"},"modified":"2026-03-05T00:52:05","modified_gmt":"2026-03-05T00:52:05","slug":"cung-cap-bieu-dien","status":"publish","type":"page","link":"https:\/\/goldstardance.vn\/index.php\/elementor-97\/bieudien-2\/cung-cap-bieu-dien\/","title":{"rendered":"Cung C\u1ea5p Bi\u1ec3u Di\u1ec5n"},"content":{"rendered":"\t\t<div data-elementor-type=\"wp-page\" data-elementor-id=\"1059\" class=\"elementor elementor-1059\" data-elementor-post-type=\"page\">\n\t\t\t\t\t\t<section class=\"elementor-section elementor-top-section elementor-element elementor-element-2e36c339 elementor-section-height-min-height elementor-section-boxed elementor-section-height-default elementor-section-items-middle\" data-id=\"2e36c339\" data-element_type=\"section\" data-settings=\"{&quot;background_background&quot;:&quot;classic&quot;}\">\n\t\t\t\t\t\t<div class=\"elementor-container elementor-column-gap-no\">\n\t\t\t\t\t<div class=\"elementor-column elementor-col-100 elementor-top-column elementor-element elementor-element-610af58f\" data-id=\"610af58f\" data-element_type=\"column\" data-settings=\"{&quot;background_background&quot;:&quot;classic&quot;}\">\n\t\t\t<div class=\"elementor-widget-wrap elementor-element-populated\">\n\t\t\t\t\t<div class=\"elementor-background-overlay\"><\/div>\n\t\t\t\t\t\t<section class=\"elementor-section elementor-inner-section elementor-element elementor-element-6acc2017 elementor-section-height-min-height elementor-section-content-middle elementor-reverse-mobile elementor-reverse-tablet elementor-section-boxed elementor-section-height-default\" data-id=\"6acc2017\" data-element_type=\"section\" data-settings=\"{&quot;background_background&quot;:&quot;classic&quot;}\">\n\t\t\t\t\t\t<div class=\"elementor-container elementor-column-gap-no\">\n\t\t\t\t\t<div class=\"elementor-column elementor-col-50 elementor-inner-column elementor-element elementor-element-45b1a76d\" data-id=\"45b1a76d\" data-element_type=\"column\" data-settings=\"{&quot;background_background&quot;:&quot;classic&quot;}\">\n\t\t\t<div class=\"elementor-widget-wrap elementor-element-populated\">\n\t\t\t\t\t<div class=\"elementor-background-overlay\"><\/div>\n\t\t\t\t\t\t<div class=\"elementor-element elementor-element-6dbcb01e animated-slow elementor-invisible elementor-widget elementor-widget-heading\" data-id=\"6dbcb01e\" data-element_type=\"widget\" data-settings=\"{&quot;_animation&quot;:&quot;fadeInUp&quot;,&quot;_animation_delay&quot;:100}\" data-widget_type=\"heading.default\">\n\t\t\t\t<div class=\"elementor-widget-container\">\n\t\t\t\t\t<h2 class=\"elementor-heading-title elementor-size-default\">CUNG C\u1ea4P<br>NH\u00c2N S\u1ef0<br>BI\u1ec2U DI\u1ec4N<\/h2>\t\t\t\t<\/div>\n\t\t\t\t<\/div>\n\t\t\t\t<div class=\"elementor-element elementor-element-69f77bef elementor-invisible elementor-widget elementor-widget-spacer\" data-id=\"69f77bef\" data-element_type=\"widget\" data-settings=\"{&quot;_animation&quot;:&quot;fadeInDown&quot;}\" data-widget_type=\"spacer.default\">\n\t\t\t\t<div class=\"elementor-widget-container\">\n\t\t\t\t\t\t\t<div class=\"elementor-spacer\">\n\t\t\t<div class=\"elementor-spacer-inner\"><\/div>\n\t\t<\/div>\n\t\t\t\t\t\t<\/div>\n\t\t\t\t<\/div>\n\t\t\t\t<div class=\"elementor-element elementor-element-4f85fc9e elementor-widget elementor-widget-text-editor\" data-id=\"4f85fc9e\" data-element_type=\"widget\" data-widget_type=\"text-editor.default\">\n\t\t\t\t<div class=\"elementor-widget-container\">\n\t\t\t\t\t\t\t\t\t<p>Nh\u1eb1m \u0111\u00e1p \u1ee9ng t\u1ea5t c\u1ea3 nhu c\u1ea7u c\u1ee7a qu\u00fd Kh\u00e1ch H\u00e0ng, GoldstarDance Club cung c\u1ea5p d\u1ecbch v\u1ee5 nh\u00e2n s\u1ef1 bi\u1ec3u di\u1ec5n, D\u00e0n d\u1ef1ng &#8211; Bi\u00ean t\u1eadp &#8211; Bi\u00ean \u0111\u1ea1o ch\u01b0\u01a1ng tr\u00ecnh, ti\u1ebft m\u1ee5c.<\/p><p>V\u1edbi nhi\u1ec1u l\u1ef1a ch\u1ecdn nh\u01b0 sau: Bi\u00ean \u0110\u1ea1o, Bi\u00ean T\u1eadp, Ca S\u0129 ng\u01b0\u1eddi l\u1edbn \/ thi\u1ebfu nhi, MC ng\u01b0\u1eddi l\u1edbn \/ thi\u1ebfu nhi, Ch\u00fa h\u1ec1 &#8211; ho\u1ea1t n\u00e1o &#8211; bong b\u00f3ng, \u1ea2o Thu\u1eadt, Xi\u1ebfc &#8211; Xi\u1ebfc th\u00fa, \u1ea2o Thu\u1eadt, quay &#8211; d\u1ef1ng MV Ca Nh\u1ea3y M\u00faa&#8230;.\u00a0<\/p><p>GoldstarDance Club chuy\u00ean bi\u1ec3u di\u1ec5n &#8211; d\u00e0n d\u1ef1ng S\u1ef1 Ki\u1ec7n &#8211; Event, YEP, Khai Tr\u01b0\u01a1ng, K\u1ef7 Ni\u1ec7m, Sinh Nh\u1eadt, KickOff v.v&#8230;<\/p>\t\t\t\t\t\t\t\t<\/div>\n\t\t\t\t<\/div>\n\t\t\t\t<div class=\"elementor-element elementor-element-22cbfa02 elementor-blockquote--skin-clean elementor-widget elementor-widget-blockquote\" data-id=\"22cbfa02\" data-element_type=\"widget\" data-widget_type=\"blockquote.default\">\n\t\t\t\t<div class=\"elementor-widget-container\">\n\t\t\t\t\t\t\t<blockquote class=\"elementor-blockquote\">\n\t\t\t<p class=\"elementor-blockquote__content\">\n\t\t\t\tNh\u00e2n s\u1ef1 GoldstarDance Club\t\t\t<\/p>\n\t\t\t\t\t\t\t<div class=\"e-q-footer\">\n\t\t\t\t\t\t\t\t\t\t\t<cite class=\"elementor-blockquote__author\">\"CHUY\u00caN M\u00d4N - CH\u1ea4T L\u01af\u1ee2NG - NHI\u1ec6T HUY\u1ebeT\"<\/cite>\n\t\t\t\t\t\t\t\t\t\t\t\t\t\t<\/div>\n\t\t\t\t\t<\/blockquote>\n\t\t\t\t\t\t<\/div>\n\t\t\t\t<\/div>\n\t\t\t\t<div class=\"elementor-element elementor-element-2e2dfd78 elementor-align-center elementor-invisible elementor-widget elementor-widget-button\" data-id=\"2e2dfd78\" data-element_type=\"widget\" data-settings=\"{&quot;_animation&quot;:&quot;fadeInUp&quot;}\" data-widget_type=\"button.default\">\n\t\t\t\t<div class=\"elementor-widget-container\">\n\t\t\t\t\t\t\t\t\t<div class=\"elementor-button-wrapper\">\n\t\t\t\t\t<a class=\"elementor-button elementor-button-link elementor-size-sm elementor-animation-sink\" href=\"#\">\n\t\t\t\t\t\t<span class=\"elementor-button-content-wrapper\">\n\t\t\t\t\t\t<span class=\"elementor-button-icon\">\n\t\t\t\t<svg aria-hidden=\"true\" class=\"e-font-icon-svg e-fab-facebook\" viewBox=\"0 0 512 512\" xmlns=\"http:\/\/www.w3.org\/2000\/svg\"><path d=\"M504 256C504 119 393 8 256 8S8 119 8 256c0 123.78 90.69 226.38 209.25 245V327.69h-63V256h63v-54.64c0-62.15 37-96.48 93.67-96.48 27.14 0 55.52 4.84 55.52 4.84v61h-31.28c-30.8 0-40.41 19.12-40.41 38.73V256h68.78l-11 71.69h-57.78V501C413.31 482.38 504 379.78 504 256z\"><\/path><\/svg>\t\t\t<\/span>\n\t\t\t\t\t\t\t\t\t<span class=\"elementor-button-text\">TRUY C\u1eacP FANPAGE<\/span>\n\t\t\t\t\t<\/span>\n\t\t\t\t\t<\/a>\n\t\t\t\t<\/div>\n\t\t\t\t\t\t\t\t<\/div>\n\t\t\t\t<\/div>\n\t\t\t\t\t<\/div>\n\t\t<\/div>\n\t\t\t\t<div class=\"elementor-column elementor-col-50 elementor-inner-column elementor-element elementor-element-366e31e\" data-id=\"366e31e\" data-element_type=\"column\" data-settings=\"{&quot;background_background&quot;:&quot;classic&quot;}\">\n\t\t\t<div class=\"elementor-widget-wrap\">\n\t\t\t\t\t\t\t<\/div>\n\t\t<\/div>\n\t\t\t\t\t<\/div>\n\t\t<\/section>\n\t\t\t\t\t<\/div>\n\t\t<\/div>\n\t\t\t\t\t<\/div>\n\t\t<\/section>\n\t\t<footer class=\"elementor-element elementor-element-7e8b10f7 e-con-full e-flex e-con e-parent\" data-id=\"7e8b10f7\" data-element_type=\"container\">\n\t\t<div class=\"elementor-element elementor-element-163f2d90 e-con-full e-flex e-con e-child\" data-id=\"163f2d90\" data-element_type=\"container\">\n\t\t\t\t<div class=\"elementor-element elementor-element-7ccfc303 elementor-widget elementor-widget-image\" data-id=\"7ccfc303\" data-element_type=\"widget\" data-widget_type=\"image.default\">\n\t\t\t\t<div class=\"elementor-widget-container\">\n\t\t\t\t\t\t\t\t\t\t\t\t\t\t\t\t<a href=\"https:\/\/goldstardance.vn\">\n\t\t\t\t\t\t\t<img fetchpriority=\"high\" decoding=\"async\" width=\"300\" height=\"199\" src=\"https:\/\/goldstardance.vn\/wp-content\/uploads\/2024\/09\/logo-350-fix-300x199.png\" class=\"attachment-medium size-medium wp-image-538\" alt=\"\" srcset=\"https:\/\/goldstardance.vn\/wp-content\/uploads\/2024\/09\/logo-350-fix-300x199.png 300w, https:\/\/goldstardance.vn\/wp-content\/uploads\/2024\/09\/logo-350-fix.png 350w\" sizes=\"(max-width: 300px) 100vw, 300px\" \/>\t\t\t\t\t\t\t\t<\/a>\n\t\t\t\t\t\t\t\t\t\t\t\t\t\t\t<\/div>\n\t\t\t\t<\/div>\n\t\t\t\t<\/div>\n\t\t<div class=\"elementor-element elementor-element-4ccdd5c4 e-con-full e-flex e-con e-child\" data-id=\"4ccdd5c4\" data-element_type=\"container\">\n\t\t\t\t<div class=\"elementor-element elementor-element-20fb8070 elementor-widget elementor-widget-heading\" data-id=\"20fb8070\" data-element_type=\"widget\" data-widget_type=\"heading.default\">\n\t\t\t\t<div class=\"elementor-widget-container\">\n\t\t\t\t\t<h4 class=\"elementor-heading-title elementor-size-default\">\u0110\u1ecaA CH\u1ec8<\/h4>\t\t\t\t<\/div>\n\t\t\t\t<\/div>\n\t\t\t\t<div class=\"elementor-element elementor-element-4e433216 elementor-widget elementor-widget-text-editor\" data-id=\"4e433216\" data-element_type=\"widget\" data-widget_type=\"text-editor.default\">\n\t\t\t\t<div class=\"elementor-widget-container\">\n\t\t\t\t\t\t\t\t\t<p>L\u1ea7u 1, S\u1ed1 446 \u0110\u01b0\u1eddng Ho\u00e0ng V\u0103n Th\u1ee5, Ph\u01b0\u1eddng 4, T\u00e2n B\u00ecnh, Th\u00e0nh ph\u1ed1 H\u1ed3 Ch\u00ed Minh<\/p><p>\u0110\u1ecba ch\u1ec9 m\u1edbi: S\u1ed1 446 \u0110\u01b0\u1eddng Ho\u00e0ng V\u0103n Th\u1ee5 , Ph\u01b0\u1eddng T\u00e2n S\u01a1n Nh\u1ea5t , TP.HCM<\/p><p>CLB Sao V\u00e0ng &#8211; Kh\u00f4ng gian sinh ho\u1ea1t c\u1ed9ng \u0111\u1ed3ng Ph\u01b0\u1eddng T\u00e2n S\u01a1n Nh\u1ea5t<\/p><p>(Trung T\u00e2m Tri\u1ec5n L\u00e3m T\u00e2n B\u00ecnh C\u0169)<\/p><p>Tel: 0906.606.107 &#8211; C\u00f4 Ng\u1ecdc Lan (Ch\u1ee7 Nhi\u1ec7m CLB)<\/p>\t\t\t\t\t\t\t\t<\/div>\n\t\t\t\t<\/div>\n\t\t\t\t<\/div>\n\t\t<div class=\"elementor-element elementor-element-4b797517 e-con-full e-flex e-con e-child\" data-id=\"4b797517\" data-element_type=\"container\">\n\t\t\t\t<div class=\"elementor-element elementor-element-5a0f8e76 elementor-widget elementor-widget-heading\" data-id=\"5a0f8e76\" data-element_type=\"widget\" data-widget_type=\"heading.default\">\n\t\t\t\t<div class=\"elementor-widget-container\">\n\t\t\t\t\t<h4 class=\"elementor-heading-title elementor-size-default\">TH\u1edcI GIAN HO\u1ea0T \u0110\u1ed8NG<\/h4>\t\t\t\t<\/div>\n\t\t\t\t<\/div>\n\t\t\t\t<div class=\"elementor-element elementor-element-30c1f571 elementor-widget elementor-widget-text-editor\" data-id=\"30c1f571\" data-element_type=\"widget\" data-widget_type=\"text-editor.default\">\n\t\t\t\t<div class=\"elementor-widget-container\">\n\t\t\t\t\t\t\t\t\t<p>T\u1eeb Th\u1ee9 Hai &#8211; Ch\u1ee7 Nh\u1eadt<br \/>08:30 &#8211; 21:30<br \/><br \/><\/p>\t\t\t\t\t\t\t\t<\/div>\n\t\t\t\t<\/div>\n\t\t\t\t<\/div>\n\t\t<div class=\"elementor-element elementor-element-7b32deb e-con-full e-flex e-con e-child\" data-id=\"7b32deb\" data-element_type=\"container\">\n\t\t\t\t<div class=\"elementor-element elementor-element-ca883fe elementor-widget elementor-widget-heading\" data-id=\"ca883fe\" data-element_type=\"widget\" data-widget_type=\"heading.default\">\n\t\t\t\t<div class=\"elementor-widget-container\">\n\t\t\t\t\t<h4 class=\"elementor-heading-title elementor-size-default\">LI\u00caN H\u1ec6 CH\u00daNG T\u00d4I<\/h4>\t\t\t\t<\/div>\n\t\t\t\t<\/div>\n\t\t\t\t<div class=\"elementor-element elementor-element-146a5629 elementor-widget elementor-widget-text-editor\" data-id=\"146a5629\" data-element_type=\"widget\" data-widget_type=\"text-editor.default\">\n\t\t\t\t<div class=\"elementor-widget-container\">\n\t\t\t\t\t\t\t\t\t<p>Email:\u00a0 \u00a0 \u00a0 \u00a0 \u00a0 \u00a0goldstardance2013@gmail.com<\/p><p>Fanpage:\u00a0 \u00a0 \u00a0Goldstardance2013<\/p><p>Zalo:\u00a0 \u00a0 \u00a0 \u00a0 \u00a0 \u00a0 \u00a00906.606.107<\/p>\t\t\t\t\t\t\t\t<\/div>\n\t\t\t\t<\/div>\n\t\t\t\t<\/div>\n\t\t\t\t<\/footer>\n\t\t<div class=\"elementor-element elementor-element-7ffbbe81 e-flex e-con-boxed e-con e-parent\" data-id=\"7ffbbe81\" data-element_type=\"container\" data-settings=\"{&quot;background_background&quot;:&quot;classic&quot;}\">\n\t\t\t\t\t<div class=\"e-con-inner\">\n\t\t\t\t<div class=\"elementor-element elementor-element-26108640 elementor-widget elementor-widget-heading\" data-id=\"26108640\" data-element_type=\"widget\" data-widget_type=\"heading.default\">\n\t\t\t\t<div class=\"elementor-widget-container\">\n\t\t\t\t\t<p class=\"elementor-heading-title elementor-size-default\">\u00a9 GoldstarDance Club 2026- B\u1ea3n quy\u1ec1n thu\u1ed9c v\u1ec1 GoldstarDance Club<\/p>\t\t\t\t<\/div>\n\t\t\t\t<\/div>\n\t\t\t\t\t<\/div>\n\t\t\t\t<\/div>\n\t\t\t\t<\/div>\n\t\t","protected":false},"excerpt":{"rendered":"<p>CUNG C\u1ea4PNH\u00c2N S\u1ef0BI\u1ec2U DI\u1ec4N Nh\u1eb1m \u0111\u00e1p \u1ee9ng t\u1ea5t c\u1ea3 nhu c\u1ea7u c\u1ee7a qu\u00fd Kh\u00e1ch H\u00e0ng, GoldstarDance Club cung c\u1ea5p d\u1ecbch v\u1ee5 nh\u00e2n s\u1ef1 bi\u1ec3u di\u1ec5n, D\u00e0n d\u1ef1ng &#8211; Bi\u00ean t\u1eadp &#8211; Bi\u00ean \u0111\u1ea1o ch\u01b0\u01a1ng tr\u00ecnh, ti\u1ebft m\u1ee5c. V\u1edbi nhi\u1ec1u l\u1ef1a ch\u1ecdn nh\u01b0 sau: Bi\u00ean \u0110\u1ea1o, Bi\u00ean T\u1eadp, Ca S\u0129 ng\u01b0\u1eddi l\u1edbn \/ thi\u1ebfu nhi, MC [&hellip;]<\/p>\n","protected":false},"author":2,"featured_media":0,"parent":955,"menu_order":0,"comment_status":"closed","ping_status":"closed","template":"","meta":{"footnotes":""},"class_list":["post-1059","page","type-page","status-publish","hentry"],"_links":{"self":[{"href":"https:\/\/goldstardance.vn\/index.php\/wp-json\/wp\/v2\/pages\/1059","targetHints":{"allow":["GET"]}}],"collection":[{"href":"https:\/\/goldstardance.vn\/index.php\/wp-json\/wp\/v2\/pages"}],"about":[{"href":"https:\/\/goldstardance.vn\/index.php\/wp-json\/wp\/v2\/types\/page"}],"author":[{"embeddable":true,"href":"https:\/\/goldstardance.vn\/index.php\/wp-json\/wp\/v2\/users\/2"}],"replies":[{"embeddable":true,"href":"https:\/\/goldstardance.vn\/index.php\/wp-json\/wp\/v2\/comments?post=1059"}],"version-history":[{"count":6,"href":"https:\/\/goldstardance.vn\/index.php\/wp-json\/wp\/v2\/pages\/1059\/revisions"}],"predecessor-version":[{"id":4264,"href":"https:\/\/goldstardance.vn\/index.php\/wp-json\/wp\/v2\/pages\/1059\/revisions\/4264"}],"up":[{"embeddable":true,"href":"https:\/\/goldstardance.vn\/index.php\/wp-json\/wp\/v2\/pages\/955"}],"wp:attachment":[{"href":"https:\/\/goldstardance.vn\/index.php\/wp-json\/wp\/v2\/media?parent=1059"}],"curies":[{"name":"wp","href":"https:\/\/api.w.org\/{rel}","templated":true}]}}