{"id":1033,"date":"2024-09-22T15:38:36","date_gmt":"2024-09-22T15:38:36","guid":{"rendered":"https:\/\/goldstardance.vn\/?page_id=1033"},"modified":"2026-03-04T23:41:23","modified_gmt":"2026-03-04T23:41:23","slug":"day-nhay-ca-nhan-v-i-p","status":"publish","type":"page","link":"https:\/\/goldstardance.vn\/index.php\/elementor-97\/dao-tao\/day-nhay-ca-nhan-v-i-p\/","title":{"rendered":"D\u1ea1y Nh\u1ea3y C\u00e1 Nh\u00e2n &#8211; V.I.P"},"content":{"rendered":"\t\t<div data-elementor-type=\"wp-page\" data-elementor-id=\"1033\" class=\"elementor elementor-1033\" data-elementor-post-type=\"page\">\n\t\t\t\t\t\t<section class=\"elementor-section elementor-top-section elementor-element elementor-element-14dfb022 elementor-section-items-stretch elementor-section-full_width elementor-section-height-min-height elementor-section-content-middle elementor-reverse-mobile elementor-section-height-default\" data-id=\"14dfb022\" data-element_type=\"section\" data-settings=\"{&quot;background_background&quot;:&quot;classic&quot;}\">\n\t\t\t\t\t\t\t<div class=\"elementor-background-overlay\"><\/div>\n\t\t\t\t\t\t\t<div class=\"elementor-container elementor-column-gap-default\">\n\t\t\t\t\t<div class=\"elementor-column elementor-col-33 elementor-top-column elementor-element elementor-element-75a06e28\" data-id=\"75a06e28\" data-element_type=\"column\" data-settings=\"{&quot;background_background&quot;:&quot;classic&quot;}\">\n\t\t\t<div class=\"elementor-widget-wrap elementor-element-populated\">\n\t\t\t\t\t\t<div class=\"elementor-element elementor-element-3a0a2f56 elementor-widget elementor-widget-spacer\" data-id=\"3a0a2f56\" data-element_type=\"widget\" data-widget_type=\"spacer.default\">\n\t\t\t\t<div class=\"elementor-widget-container\">\n\t\t\t\t\t\t\t<div class=\"elementor-spacer\">\n\t\t\t<div class=\"elementor-spacer-inner\"><\/div>\n\t\t<\/div>\n\t\t\t\t\t\t<\/div>\n\t\t\t\t<\/div>\n\t\t\t\t\t<\/div>\n\t\t<\/div>\n\t\t\t\t<div class=\"elementor-column elementor-col-33 elementor-top-column elementor-element elementor-element-82bc0d6\" data-id=\"82bc0d6\" data-element_type=\"column\" data-settings=\"{&quot;background_background&quot;:&quot;classic&quot;}\">\n\t\t\t<div class=\"elementor-widget-wrap elementor-element-populated\">\n\t\t\t\t\t\t<section class=\"elementor-section elementor-inner-section elementor-element elementor-element-4e693af elementor-section-boxed elementor-section-height-default elementor-section-height-default\" data-id=\"4e693af\" data-element_type=\"section\">\n\t\t\t\t\t\t<div class=\"elementor-container elementor-column-gap-default\">\n\t\t\t\t\t<div class=\"elementor-column elementor-col-50 elementor-inner-column elementor-element elementor-element-30fa8a0d\" data-id=\"30fa8a0d\" data-element_type=\"column\">\n\t\t\t<div class=\"elementor-widget-wrap elementor-element-populated\">\n\t\t\t\t\t\t<div class=\"elementor-element elementor-element-62e5a434 elementor-widget-divider--view-line elementor-widget elementor-widget-divider\" data-id=\"62e5a434\" data-element_type=\"widget\" data-widget_type=\"divider.default\">\n\t\t\t\t<div class=\"elementor-widget-container\">\n\t\t\t\t\t\t\t<div class=\"elementor-divider\">\n\t\t\t<span class=\"elementor-divider-separator\">\n\t\t\t\t\t\t<\/span>\n\t\t<\/div>\n\t\t\t\t\t\t<\/div>\n\t\t\t\t<\/div>\n\t\t\t\t\t<\/div>\n\t\t<\/div>\n\t\t\t\t<div class=\"elementor-column elementor-col-50 elementor-inner-column elementor-element elementor-element-35b595d1\" data-id=\"35b595d1\" data-element_type=\"column\">\n\t\t\t<div class=\"elementor-widget-wrap elementor-element-populated\">\n\t\t\t\t\t\t<div class=\"elementor-element elementor-element-30729ae5 envato-kit-138-bracket elementor-widget elementor-widget-heading\" data-id=\"30729ae5\" data-element_type=\"widget\" data-widget_type=\"heading.default\">\n\t\t\t\t<div class=\"elementor-widget-container\">\n\t\t\t\t\t<h3 class=\"elementor-heading-title elementor-size-default\">\u0110\u00c0O T\u1ea0O C\u00c1 NH\u00c2N - 1 K\u00c8M 1<\/h3>\t\t\t\t<\/div>\n\t\t\t\t<\/div>\n\t\t\t\t\t<\/div>\n\t\t<\/div>\n\t\t\t\t\t<\/div>\n\t\t<\/section>\n\t\t\t\t<div class=\"elementor-element elementor-element-49fa7a4d elementor-widget elementor-widget-heading\" data-id=\"49fa7a4d\" data-element_type=\"widget\" data-widget_type=\"heading.default\">\n\t\t\t\t<div class=\"elementor-widget-container\">\n\t\t\t\t\t<h5 class=\"elementor-heading-title elementor-size-default\">V.I.P <\/h5>\t\t\t\t<\/div>\n\t\t\t\t<\/div>\n\t\t\t\t<div class=\"elementor-element elementor-element-6215347a elementor-widget elementor-widget-text-editor\" data-id=\"6215347a\" data-element_type=\"widget\" data-widget_type=\"text-editor.default\">\n\t\t\t\t<div class=\"elementor-widget-container\">\n\t\t\t\t\t\t\t\t\t<p>B\u1ea1n \u0111ang lo l\u1eafng: &#8220;Party s\u1eafp t\u1edbi s\u1ebd c\u00f3 Nh\u1ea3y M\u00faa m\u00e0 b\u1ea1n ch\u01b0a bi\u1ebft?&#8221;, &#8220;B\u1ea1n kh\u00f4ng c\u00f3 th\u1eddi gian \u1ed5n \u0111\u1ecbnh, kh\u00f4ng tham gia c\u00e1c l\u1edbp t\u1eadp luy\u1ec7n Nh\u1ea3y M\u00faa \u0111\u01b0\u1ee3c?&#8221;, &#8220;B\u1ea1n c\u1ea7n t\u1eadp m\u1ed9t b\u00e0i nh\u1ea3y trong th\u1eddi gian nhanh nh\u1ea5t&#8221;, &#8220;B\u1ea1n v\u00e0 nh\u00f3m c\u1ea7n Bi\u00ean \u0110\u1ea1o ti\u1ebft m\u1ee5c bi\u1ec3u di\u1ec5n Nh\u1ea3y M\u00faa&#8221; v.v&#8230;. V\u00e0 c\u00f2n nhi\u1ec1u c\u00e2u h\u1ecfi kh\u00e1c li\u00ean quan Nh\u1ea3y M\u00faa m\u00e0 b\u1ea1n kh\u00f4ng ch\u1ee7 \u0111\u1ed9ng gi\u1ea3i quy\u1ebft \u0111\u01b0\u1ee3c, GoldstarDance Club s\u1ebd gi\u00fap b\u1ea1n.<\/p>\t\t\t\t\t\t\t\t<\/div>\n\t\t\t\t<\/div>\n\t\t\t\t<div class=\"elementor-element elementor-element-6e6ae8b7 elementor-widget elementor-widget-spacer\" data-id=\"6e6ae8b7\" data-element_type=\"widget\" data-widget_type=\"spacer.default\">\n\t\t\t\t<div class=\"elementor-widget-container\">\n\t\t\t\t\t\t\t<div class=\"elementor-spacer\">\n\t\t\t<div class=\"elementor-spacer-inner\"><\/div>\n\t\t<\/div>\n\t\t\t\t\t\t<\/div>\n\t\t\t\t<\/div>\n\t\t\t\t<section class=\"elementor-section elementor-inner-section elementor-element elementor-element-27fc11db elementor-section-boxed elementor-section-height-default elementor-section-height-default\" data-id=\"27fc11db\" data-element_type=\"section\">\n\t\t\t\t\t\t<div class=\"elementor-container elementor-column-gap-no\">\n\t\t\t\t\t<div class=\"elementor-column elementor-col-50 elementor-inner-column elementor-element elementor-element-412766e5\" data-id=\"412766e5\" data-element_type=\"column\">\n\t\t\t<div class=\"elementor-widget-wrap elementor-element-populated\">\n\t\t\t\t\t\t<div class=\"elementor-element elementor-element-ce6776b envato-kit-138-bracket elementor-widget elementor-widget-heading\" data-id=\"ce6776b\" data-element_type=\"widget\" data-widget_type=\"heading.default\">\n\t\t\t\t<div class=\"elementor-widget-container\">\n\t\t\t\t\t<h3 class=\"elementor-heading-title elementor-size-default\">01<\/h3>\t\t\t\t<\/div>\n\t\t\t\t<\/div>\n\t\t\t\t\t<\/div>\n\t\t<\/div>\n\t\t\t\t<div class=\"elementor-column elementor-col-50 elementor-inner-column elementor-element elementor-element-1c6849c5\" data-id=\"1c6849c5\" data-element_type=\"column\">\n\t\t\t<div class=\"elementor-widget-wrap elementor-element-populated\">\n\t\t\t\t\t\t<div class=\"elementor-element elementor-element-761f5546 elementor-widget elementor-widget-heading\" data-id=\"761f5546\" data-element_type=\"widget\" data-widget_type=\"heading.default\">\n\t\t\t\t<div class=\"elementor-widget-container\">\n\t\t\t\t\t<h3 class=\"elementor-heading-title elementor-size-default\">CH\u1ee6 \u0110\u1ed8NG TH\u1edcI GIAN T\u1eacP LUY\u1ec6N<\/h3>\t\t\t\t<\/div>\n\t\t\t\t<\/div>\n\t\t\t\t<div class=\"elementor-element elementor-element-11ab8d55 elementor-widget elementor-widget-text-editor\" data-id=\"11ab8d55\" data-element_type=\"widget\" data-widget_type=\"text-editor.default\">\n\t\t\t\t<div class=\"elementor-widget-container\">\n\t\t\t\t\t\t\t\t\t<p>B\u1ea1n c\u00f3 th\u1ec3 ch\u1ee7 \u0111\u1ed9ng s\u1eafp x\u1ebfp th\u1eddi gian linh ho\u1ea1t, ph\u00f9 h\u1ee3p v\u1edbi th\u1eddi gian bi\u1ec3u c\u00e1 nh\u00e2n.<\/p>\t\t\t\t\t\t\t\t<\/div>\n\t\t\t\t<\/div>\n\t\t\t\t\t<\/div>\n\t\t<\/div>\n\t\t\t\t\t<\/div>\n\t\t<\/section>\n\t\t\t\t<section class=\"elementor-section elementor-inner-section elementor-element elementor-element-16dfabb5 elementor-section-boxed elementor-section-height-default elementor-section-height-default\" data-id=\"16dfabb5\" data-element_type=\"section\">\n\t\t\t\t\t\t<div class=\"elementor-container elementor-column-gap-no\">\n\t\t\t\t\t<div class=\"elementor-column elementor-col-50 elementor-inner-column elementor-element elementor-element-6d5b96bd\" data-id=\"6d5b96bd\" data-element_type=\"column\">\n\t\t\t<div class=\"elementor-widget-wrap elementor-element-populated\">\n\t\t\t\t\t\t<div class=\"elementor-element elementor-element-7c150892 envato-kit-138-bracket elementor-widget elementor-widget-heading\" data-id=\"7c150892\" data-element_type=\"widget\" data-widget_type=\"heading.default\">\n\t\t\t\t<div class=\"elementor-widget-container\">\n\t\t\t\t\t<h3 class=\"elementor-heading-title elementor-size-default\">02<\/h3>\t\t\t\t<\/div>\n\t\t\t\t<\/div>\n\t\t\t\t\t<\/div>\n\t\t<\/div>\n\t\t\t\t<div class=\"elementor-column elementor-col-50 elementor-inner-column elementor-element elementor-element-92a665f\" data-id=\"92a665f\" data-element_type=\"column\">\n\t\t\t<div class=\"elementor-widget-wrap elementor-element-populated\">\n\t\t\t\t\t\t<div class=\"elementor-element elementor-element-30e09681 elementor-widget elementor-widget-heading\" data-id=\"30e09681\" data-element_type=\"widget\" data-widget_type=\"heading.default\">\n\t\t\t\t<div class=\"elementor-widget-container\">\n\t\t\t\t\t<h3 class=\"elementor-heading-title elementor-size-default\">CH\u1ee6 \u0110\u1ed8NG N\u1ed8I DUNG T\u1eacP LUY\u1ec6N<\/h3>\t\t\t\t<\/div>\n\t\t\t\t<\/div>\n\t\t\t\t<div class=\"elementor-element elementor-element-4a592c54 elementor-widget elementor-widget-text-editor\" data-id=\"4a592c54\" data-element_type=\"widget\" data-widget_type=\"text-editor.default\">\n\t\t\t\t<div class=\"elementor-widget-container\">\n\t\t\t\t\t\t\t\t\t<p>B\u1ea1n \u0111\u01b0\u1ee3c ch\u1ecdn B\u1ed9 M\u00f4n, b\u00e0i t\u1eadp&#8230; ho\u1eb7c n\u1ebfu nh\u01b0 b\u1ea1n ch\u01b0a c\u00f3 \u00fd t\u01b0\u1edfng th\u00ec GoldstarDance Club s\u1ebd t\u01b0 v\u1ea5n gi\u00fap b\u1ea1n<\/p>\t\t\t\t\t\t\t\t<\/div>\n\t\t\t\t<\/div>\n\t\t\t\t\t<\/div>\n\t\t<\/div>\n\t\t\t\t\t<\/div>\n\t\t<\/section>\n\t\t\t\t<section class=\"elementor-section elementor-inner-section elementor-element elementor-element-580fbe46 elementor-section-boxed elementor-section-height-default elementor-section-height-default\" data-id=\"580fbe46\" data-element_type=\"section\">\n\t\t\t\t\t\t<div class=\"elementor-container elementor-column-gap-no\">\n\t\t\t\t\t<div class=\"elementor-column elementor-col-50 elementor-inner-column elementor-element elementor-element-7aa6d6c\" data-id=\"7aa6d6c\" data-element_type=\"column\">\n\t\t\t<div class=\"elementor-widget-wrap elementor-element-populated\">\n\t\t\t\t\t\t<div class=\"elementor-element elementor-element-33a9a1b7 envato-kit-138-bracket elementor-widget elementor-widget-heading\" data-id=\"33a9a1b7\" data-element_type=\"widget\" data-widget_type=\"heading.default\">\n\t\t\t\t<div class=\"elementor-widget-container\">\n\t\t\t\t\t<h3 class=\"elementor-heading-title elementor-size-default\">03<\/h3>\t\t\t\t<\/div>\n\t\t\t\t<\/div>\n\t\t\t\t\t<\/div>\n\t\t<\/div>\n\t\t\t\t<div class=\"elementor-column elementor-col-50 elementor-inner-column elementor-element elementor-element-69cb3bd5\" data-id=\"69cb3bd5\" data-element_type=\"column\">\n\t\t\t<div class=\"elementor-widget-wrap elementor-element-populated\">\n\t\t\t\t\t\t<div class=\"elementor-element elementor-element-5ed742c7 elementor-widget elementor-widget-heading\" data-id=\"5ed742c7\" data-element_type=\"widget\" data-widget_type=\"heading.default\">\n\t\t\t\t<div class=\"elementor-widget-container\">\n\t\t\t\t\t<h3 class=\"elementor-heading-title elementor-size-default\">CH\u1ee6 \u0110\u1ed8NG \u0110\u1ecaA \u0110I\u1ec2M T\u1eacP LUY\u1ec6N<\/h3>\t\t\t\t<\/div>\n\t\t\t\t<\/div>\n\t\t\t\t<div class=\"elementor-element elementor-element-6ff7b8ef elementor-widget elementor-widget-text-editor\" data-id=\"6ff7b8ef\" data-element_type=\"widget\" data-widget_type=\"text-editor.default\">\n\t\t\t\t<div class=\"elementor-widget-container\">\n\t\t\t\t\t\t\t\t\t<p>B\u1ea1n c\u00f3 th\u1ec3 ch\u1ecdn t\u1eadp t\u1ea1i CLB ho\u1eb7c n\u01a1i g\u1ea7n v\u1edbi b\u1ea1n nh\u1ea5t \u0111\u1ec3 ti\u1ec7n vi\u1ec7c \u0111i l\u1ea1i.<\/p>\t\t\t\t\t\t\t\t<\/div>\n\t\t\t\t<\/div>\n\t\t\t\t\t<\/div>\n\t\t<\/div>\n\t\t\t\t\t<\/div>\n\t\t<\/section>\n\t\t\t\t<section class=\"elementor-section elementor-inner-section elementor-element elementor-element-380554b elementor-section-boxed elementor-section-height-default elementor-section-height-default\" data-id=\"380554b\" data-element_type=\"section\">\n\t\t\t\t\t\t<div class=\"elementor-container elementor-column-gap-no\">\n\t\t\t\t\t<div class=\"elementor-column elementor-col-50 elementor-inner-column elementor-element elementor-element-13105b49\" data-id=\"13105b49\" data-element_type=\"column\">\n\t\t\t<div class=\"elementor-widget-wrap elementor-element-populated\">\n\t\t\t\t\t\t<div class=\"elementor-element elementor-element-20fc61ca envato-kit-138-bracket elementor-widget elementor-widget-heading\" data-id=\"20fc61ca\" data-element_type=\"widget\" data-widget_type=\"heading.default\">\n\t\t\t\t<div class=\"elementor-widget-container\">\n\t\t\t\t\t<h3 class=\"elementor-heading-title elementor-size-default\">04<\/h3>\t\t\t\t<\/div>\n\t\t\t\t<\/div>\n\t\t\t\t\t<\/div>\n\t\t<\/div>\n\t\t\t\t<div class=\"elementor-column elementor-col-50 elementor-inner-column elementor-element elementor-element-1106b59f\" data-id=\"1106b59f\" data-element_type=\"column\">\n\t\t\t<div class=\"elementor-widget-wrap elementor-element-populated\">\n\t\t\t\t\t\t<div class=\"elementor-element elementor-element-4ace2429 elementor-widget elementor-widget-heading\" data-id=\"4ace2429\" data-element_type=\"widget\" data-widget_type=\"heading.default\">\n\t\t\t\t<div class=\"elementor-widget-container\">\n\t\t\t\t\t<h3 class=\"elementor-heading-title elementor-size-default\">\u0110\u1ea2M B\u1ea2O CH\u1ea4T L\u01af\u1ee2NG HO\u00c0N TH\u00c0NH<\/h3>\t\t\t\t<\/div>\n\t\t\t\t<\/div>\n\t\t\t\t<div class=\"elementor-element elementor-element-792a9745 elementor-widget elementor-widget-text-editor\" data-id=\"792a9745\" data-element_type=\"widget\" data-widget_type=\"text-editor.default\">\n\t\t\t\t<div class=\"elementor-widget-container\">\n\t\t\t\t\t\t\t\t\t<p>B\u1ea1n c\u00f3 th\u1ec3 gi\u1edbi h\u1ea1n th\u1eddi gian \u0111\u1ea7u ra, GoldstarDance s\u1ebd h\u1ed7 tr\u1ee3 b\u1ea1n t\u1ed1t nh\u1ea5t c\u00f3 th\u1ec3.<\/p>\t\t\t\t\t\t\t\t<\/div>\n\t\t\t\t<\/div>\n\t\t\t\t\t<\/div>\n\t\t<\/div>\n\t\t\t\t\t<\/div>\n\t\t<\/section>\n\t\t\t\t<section class=\"elementor-section elementor-inner-section elementor-element elementor-element-62f43be elementor-section-boxed elementor-section-height-default elementor-section-height-default\" data-id=\"62f43be\" data-element_type=\"section\">\n\t\t\t\t\t\t<div class=\"elementor-container elementor-column-gap-no\">\n\t\t\t\t\t<div class=\"elementor-column elementor-col-50 elementor-inner-column elementor-element elementor-element-c51b30d\" data-id=\"c51b30d\" data-element_type=\"column\">\n\t\t\t<div class=\"elementor-widget-wrap elementor-element-populated\">\n\t\t\t\t\t\t<div class=\"elementor-element elementor-element-f0a374a envato-kit-138-bracket elementor-widget elementor-widget-heading\" data-id=\"f0a374a\" data-element_type=\"widget\" data-widget_type=\"heading.default\">\n\t\t\t\t<div class=\"elementor-widget-container\">\n\t\t\t\t\t<h3 class=\"elementor-heading-title elementor-size-default\">05<\/h3>\t\t\t\t<\/div>\n\t\t\t\t<\/div>\n\t\t\t\t\t<\/div>\n\t\t<\/div>\n\t\t\t\t<div class=\"elementor-column elementor-col-50 elementor-inner-column elementor-element elementor-element-3229900\" data-id=\"3229900\" data-element_type=\"column\">\n\t\t\t<div class=\"elementor-widget-wrap elementor-element-populated\">\n\t\t\t\t\t\t<div class=\"elementor-element elementor-element-5ef92f3 elementor-widget elementor-widget-heading\" data-id=\"5ef92f3\" data-element_type=\"widget\" data-widget_type=\"heading.default\">\n\t\t\t\t<div class=\"elementor-widget-container\">\n\t\t\t\t\t<h3 class=\"elementor-heading-title elementor-size-default\">PH\u00d9 H\u1ee2P V\u1edaI M\u1eccI L\u1ee8A TU\u1ed4I<\/h3>\t\t\t\t<\/div>\n\t\t\t\t<\/div>\n\t\t\t\t<div class=\"elementor-element elementor-element-1e769ae elementor-widget elementor-widget-text-editor\" data-id=\"1e769ae\" data-element_type=\"widget\" data-widget_type=\"text-editor.default\">\n\t\t\t\t<div class=\"elementor-widget-container\">\n\t\t\t\t\t\t\t\t\t<p>L\u1edbp VIP d\u00e0nh cho m\u1ecdi l\u1ee9a tu\u1ed5i: Ng\u01b0\u1eddi L\u1edbn &#8211; Thi\u1ebfu Nhi. V\u1edbi kinh nghi\u1ec7m \u1edf nhi\u1ec1u th\u1ec3 lo\u1ea1i Nh\u1ea3y M\u00faa, D\u00e0n D\u1ef1ng &#8211; Bi\u1ec3u Di\u1ec5n, GoldstarDance s\u1ebd gi\u00fap b\u1ea1n \u0111\u1ea1t \u0111\u01b0\u1ee3c ch\u1ea5t l\u01b0\u1ee3ng \u0111\u1ea7u ra t\u1ed1t nh\u1ea5t.<\/p>\t\t\t\t\t\t\t\t<\/div>\n\t\t\t\t<\/div>\n\t\t\t\t\t<\/div>\n\t\t<\/div>\n\t\t\t\t\t<\/div>\n\t\t<\/section>\n\t\t\t\t<div class=\"elementor-element elementor-element-36bbb96f elementor-widget elementor-widget-spacer\" data-id=\"36bbb96f\" data-element_type=\"widget\" data-widget_type=\"spacer.default\">\n\t\t\t\t<div class=\"elementor-widget-container\">\n\t\t\t\t\t\t\t<div class=\"elementor-spacer\">\n\t\t\t<div class=\"elementor-spacer-inner\"><\/div>\n\t\t<\/div>\n\t\t\t\t\t\t<\/div>\n\t\t\t\t<\/div>\n\t\t\t\t\t<\/div>\n\t\t<\/div>\n\t\t\t\t<div class=\"elementor-column elementor-col-33 elementor-top-column elementor-element elementor-element-3e225894\" data-id=\"3e225894\" data-element_type=\"column\" data-settings=\"{&quot;background_background&quot;:&quot;classic&quot;}\">\n\t\t\t<div class=\"elementor-widget-wrap elementor-element-populated\">\n\t\t\t\t\t<div class=\"elementor-background-overlay\"><\/div>\n\t\t\t\t\t\t<div class=\"elementor-element elementor-element-5968f42f elementor-widget elementor-widget-spacer\" data-id=\"5968f42f\" data-element_type=\"widget\" data-widget_type=\"spacer.default\">\n\t\t\t\t<div class=\"elementor-widget-container\">\n\t\t\t\t\t\t\t<div class=\"elementor-spacer\">\n\t\t\t<div class=\"elementor-spacer-inner\"><\/div>\n\t\t<\/div>\n\t\t\t\t\t\t<\/div>\n\t\t\t\t<\/div>\n\t\t\t\t\t<\/div>\n\t\t<\/div>\n\t\t\t\t\t<\/div>\n\t\t<\/section>\n\t\t<footer class=\"elementor-element elementor-element-2bb060cd e-con-full e-flex e-con e-parent\" data-id=\"2bb060cd\" data-element_type=\"container\">\n\t\t<div class=\"elementor-element elementor-element-4dd4dabd e-con-full e-flex e-con e-child\" data-id=\"4dd4dabd\" data-element_type=\"container\">\n\t\t\t\t<div class=\"elementor-element elementor-element-1fa1fe29 elementor-widget elementor-widget-image\" data-id=\"1fa1fe29\" data-element_type=\"widget\" data-widget_type=\"image.default\">\n\t\t\t\t<div class=\"elementor-widget-container\">\n\t\t\t\t\t\t\t\t\t\t\t\t\t\t\t\t<a href=\"https:\/\/goldstardance.vn\">\n\t\t\t\t\t\t\t<img fetchpriority=\"high\" decoding=\"async\" width=\"300\" height=\"199\" src=\"https:\/\/goldstardance.vn\/wp-content\/uploads\/2024\/09\/logo-350-fix-300x199.png\" class=\"attachment-medium size-medium wp-image-538\" alt=\"\" srcset=\"https:\/\/goldstardance.vn\/wp-content\/uploads\/2024\/09\/logo-350-fix-300x199.png 300w, https:\/\/goldstardance.vn\/wp-content\/uploads\/2024\/09\/logo-350-fix.png 350w\" sizes=\"(max-width: 300px) 100vw, 300px\" \/>\t\t\t\t\t\t\t\t<\/a>\n\t\t\t\t\t\t\t\t\t\t\t\t\t\t\t<\/div>\n\t\t\t\t<\/div>\n\t\t\t\t<\/div>\n\t\t<div class=\"elementor-element elementor-element-410d896d e-con-full e-flex e-con e-child\" data-id=\"410d896d\" data-element_type=\"container\">\n\t\t\t\t<div class=\"elementor-element elementor-element-23d25c99 elementor-widget elementor-widget-heading\" data-id=\"23d25c99\" data-element_type=\"widget\" data-widget_type=\"heading.default\">\n\t\t\t\t<div class=\"elementor-widget-container\">\n\t\t\t\t\t<h4 class=\"elementor-heading-title elementor-size-default\">\u0110\u1ecaA CH\u1ec8<\/h4>\t\t\t\t<\/div>\n\t\t\t\t<\/div>\n\t\t\t\t<div class=\"elementor-element elementor-element-37b44891 elementor-widget elementor-widget-text-editor\" data-id=\"37b44891\" data-element_type=\"widget\" data-widget_type=\"text-editor.default\">\n\t\t\t\t<div class=\"elementor-widget-container\">\n\t\t\t\t\t\t\t\t\t<p>L\u1ea7u 1, S\u1ed1 446 \u0110\u01b0\u1eddng Ho\u00e0ng V\u0103n Th\u1ee5, Ph\u01b0\u1eddng 4, T\u00e2n B\u00ecnh, Th\u00e0nh ph\u1ed1 H\u1ed3 Ch\u00ed Minh<\/p><p>\u0110\u1ecba ch\u1ec9 m\u1edbi: S\u1ed1 446 \u0110\u01b0\u1eddng Ho\u00e0ng V\u0103n Th\u1ee5 , Ph\u01b0\u1eddng T\u00e2n S\u01a1n Nh\u1ea5t , TP.HCM<\/p><p>CLB Sao V\u00e0ng &#8211; Kh\u00f4ng gian sinh ho\u1ea1t c\u1ed9ng \u0111\u1ed3ng Ph\u01b0\u1eddng T\u00e2n S\u01a1n Nh\u1ea5t<\/p><p>(Trung T\u00e2m Tri\u1ec5n L\u00e3m T\u00e2n B\u00ecnh C\u0169)<\/p><p>Tel: 0906.606.107 &#8211; C\u00f4 Ng\u1ecdc Lan (Ch\u1ee7 Nhi\u1ec7m CLB)<\/p><p>\u00a0<\/p>\t\t\t\t\t\t\t\t<\/div>\n\t\t\t\t<\/div>\n\t\t\t\t<\/div>\n\t\t<div class=\"elementor-element elementor-element-1217303a e-con-full e-flex e-con e-child\" data-id=\"1217303a\" data-element_type=\"container\">\n\t\t\t\t<div class=\"elementor-element elementor-element-4ceb0a8c elementor-widget elementor-widget-heading\" data-id=\"4ceb0a8c\" data-element_type=\"widget\" data-widget_type=\"heading.default\">\n\t\t\t\t<div class=\"elementor-widget-container\">\n\t\t\t\t\t<h4 class=\"elementor-heading-title elementor-size-default\">TH\u1edcI GIAN HO\u1ea0T \u0110\u1ed8NG<\/h4>\t\t\t\t<\/div>\n\t\t\t\t<\/div>\n\t\t\t\t<div class=\"elementor-element elementor-element-377937db elementor-widget elementor-widget-text-editor\" data-id=\"377937db\" data-element_type=\"widget\" data-widget_type=\"text-editor.default\">\n\t\t\t\t<div class=\"elementor-widget-container\">\n\t\t\t\t\t\t\t\t\t<p>T\u1eeb Th\u1ee9 Hai &#8211; Ch\u1ee7 Nh\u1eadt<br \/>08:30 &#8211; 21:30<br \/><br \/><\/p>\t\t\t\t\t\t\t\t<\/div>\n\t\t\t\t<\/div>\n\t\t\t\t<\/div>\n\t\t<div class=\"elementor-element elementor-element-78923961 e-con-full e-flex e-con e-child\" data-id=\"78923961\" data-element_type=\"container\">\n\t\t\t\t<div class=\"elementor-element elementor-element-6cbd3b7a elementor-widget elementor-widget-heading\" data-id=\"6cbd3b7a\" data-element_type=\"widget\" data-widget_type=\"heading.default\">\n\t\t\t\t<div class=\"elementor-widget-container\">\n\t\t\t\t\t<h4 class=\"elementor-heading-title elementor-size-default\">LI\u00caN H\u1ec6 CH\u00daNG T\u00d4I<\/h4>\t\t\t\t<\/div>\n\t\t\t\t<\/div>\n\t\t\t\t<div class=\"elementor-element elementor-element-36741a1c elementor-widget elementor-widget-text-editor\" data-id=\"36741a1c\" data-element_type=\"widget\" data-widget_type=\"text-editor.default\">\n\t\t\t\t<div class=\"elementor-widget-container\">\n\t\t\t\t\t\t\t\t\t<p>Email:\u00a0 \u00a0 \u00a0 \u00a0 \u00a0 \u00a0goldstardance2013@gmail.com<\/p><p>Fanpage:\u00a0 \u00a0 \u00a0Goldstardance2013<\/p><p>Zalo:\u00a0 \u00a0 \u00a0 \u00a0 \u00a0 \u00a0 \u00a00906.606.107<\/p>\t\t\t\t\t\t\t\t<\/div>\n\t\t\t\t<\/div>\n\t\t\t\t<\/div>\n\t\t\t\t<\/footer>\n\t\t<div class=\"elementor-element elementor-element-3fda88c0 e-flex e-con-boxed e-con e-parent\" data-id=\"3fda88c0\" data-element_type=\"container\" data-settings=\"{&quot;background_background&quot;:&quot;classic&quot;}\">\n\t\t\t\t\t<div class=\"e-con-inner\">\n\t\t\t\t<div class=\"elementor-element elementor-element-6d8f2347 elementor-widget elementor-widget-heading\" data-id=\"6d8f2347\" data-element_type=\"widget\" data-widget_type=\"heading.default\">\n\t\t\t\t<div class=\"elementor-widget-container\">\n\t\t\t\t\t<p class=\"elementor-heading-title elementor-size-default\">\u00a9 GoldstarDance Club 2026- B\u1ea3n quy\u1ec1n thu\u1ed9c v\u1ec1 GoldstarDance Club<\/p>\t\t\t\t<\/div>\n\t\t\t\t<\/div>\n\t\t\t\t\t<\/div>\n\t\t\t\t<\/div>\n\t\t\t\t<\/div>\n\t\t","protected":false},"excerpt":{"rendered":"<p>\u0110\u00c0O T\u1ea0O C\u00c1 NH\u00c2N &#8211; 1 K\u00c8M 1 V.I.P B\u1ea1n \u0111ang lo l\u1eafng: &#8220;Party s\u1eafp t\u1edbi s\u1ebd c\u00f3 Nh\u1ea3y M\u00faa m\u00e0 b\u1ea1n ch\u01b0a bi\u1ebft?&#8221;, &#8220;B\u1ea1n kh\u00f4ng c\u00f3 th\u1eddi gian \u1ed5n \u0111\u1ecbnh, kh\u00f4ng tham gia c\u00e1c l\u1edbp t\u1eadp luy\u1ec7n Nh\u1ea3y M\u00faa \u0111\u01b0\u1ee3c?&#8221;, &#8220;B\u1ea1n c\u1ea7n t\u1eadp m\u1ed9t b\u00e0i nh\u1ea3y trong th\u1eddi gian nhanh nh\u1ea5t&#8221;, &#8220;B\u1ea1n v\u00e0 nh\u00f3m [&hellip;]<\/p>\n","protected":false},"author":2,"featured_media":0,"parent":928,"menu_order":0,"comment_status":"closed","ping_status":"closed","template":"","meta":{"footnotes":""},"class_list":["post-1033","page","type-page","status-publish","hentry"],"_links":{"self":[{"href":"https:\/\/goldstardance.vn\/index.php\/wp-json\/wp\/v2\/pages\/1033","targetHints":{"allow":["GET"]}}],"collection":[{"href":"https:\/\/goldstardance.vn\/index.php\/wp-json\/wp\/v2\/pages"}],"about":[{"href":"https:\/\/goldstardance.vn\/index.php\/wp-json\/wp\/v2\/types\/page"}],"author":[{"embeddable":true,"href":"https:\/\/goldstardance.vn\/index.php\/wp-json\/wp\/v2\/users\/2"}],"replies":[{"embeddable":true,"href":"https:\/\/goldstardance.vn\/index.php\/wp-json\/wp\/v2\/comments?post=1033"}],"version-history":[{"count":6,"href":"https:\/\/goldstardance.vn\/index.php\/wp-json\/wp\/v2\/pages\/1033\/revisions"}],"predecessor-version":[{"id":4244,"href":"https:\/\/goldstardance.vn\/index.php\/wp-json\/wp\/v2\/pages\/1033\/revisions\/4244"}],"up":[{"embeddable":true,"href":"https:\/\/goldstardance.vn\/index.php\/wp-json\/wp\/v2\/pages\/928"}],"wp:attachment":[{"href":"https:\/\/goldstardance.vn\/index.php\/wp-json\/wp\/v2\/media?parent=1033"}],"curies":[{"name":"wp","href":"https:\/\/api.w.org\/{rel}","templated":true}]}}